{"id":99,"date":"2025-01-18T17:01:42","date_gmt":"2025-01-18T17:01:42","guid":{"rendered":"https:\/\/prolancers.pl\/index.php\/penny-grow-about-us\/"},"modified":"2025-07-23T13:33:51","modified_gmt":"2025-07-23T13:33:51","slug":"o-mnie","status":"publish","type":"page","link":"https:\/\/prolancers.pl\/index.php\/o-mnie\/","title":{"rendered":"O Mnie"},"content":{"rendered":"\t\t<div data-elementor-type=\"wp-page\" data-elementor-id=\"99\" class=\"elementor elementor-99\">\n\t\t\t\t\t\t<section class=\"elementor-section elementor-top-section elementor-element elementor-element-6f56534 elementor-reverse-tablet elementor-reverse-mobile elementor-section-boxed elementor-section-height-default elementor-section-height-default\" data-id=\"6f56534\" data-element_type=\"section\" data-e-type=\"section\" id=\"info_section\" data-settings=\"{&quot;background_background&quot;:&quot;gradient&quot;}\">\n\t\t\t\t\t\t\t<div class=\"elementor-background-overlay\"><\/div>\n\t\t\t\t\t\t\t<div class=\"elementor-container elementor-column-gap-no\">\n\t\t\t\t\t<div class=\"elementor-column elementor-col-100 elementor-top-column elementor-element elementor-element-3a0e1b1\" data-id=\"3a0e1b1\" data-element_type=\"column\" data-e-type=\"column\">\n\t\t\t<div class=\"elementor-widget-wrap elementor-element-populated\">\n\t\t\t\t\t\t<div class=\"elementor-element elementor-element-b3543fc elementor-widget elementor-widget-heading\" data-id=\"b3543fc\" data-element_type=\"widget\" data-e-type=\"widget\" data-widget_type=\"heading.default\">\n\t\t\t\t<div class=\"elementor-widget-container\">\n\t\t\t\t\t<h1 class=\"elementor-heading-title elementor-size-default\">Kim jestem?<\/h1>\t\t\t\t<\/div>\n\t\t\t\t<\/div>\n\t\t\t\t<div class=\"elementor-element elementor-element-9cbbf62 elementor-widget elementor-widget-heading\" data-id=\"9cbbf62\" data-element_type=\"widget\" data-e-type=\"widget\" data-widget_type=\"heading.default\">\n\t\t\t\t<div class=\"elementor-widget-container\">\n\t\t\t\t\t<p class=\"elementor-heading-title elementor-size-default\">Czyli kr\u00f3tka historia o tym jak trafi\u0142em do \u015bwiata e-commerce i marketingu<\/p>\t\t\t\t<\/div>\n\t\t\t\t<\/div>\n\t\t\t\t<div class=\"elementor-element elementor-element-16dfe67 elementor-tablet-align-center elementor-align-center elementor-widget elementor-widget-button\" data-id=\"16dfe67\" data-element_type=\"widget\" data-e-type=\"widget\" data-widget_type=\"button.default\">\n\t\t\t\t<div class=\"elementor-widget-container\">\n\t\t\t\t\t\t\t\t\t<div class=\"elementor-button-wrapper\">\n\t\t\t\t\t<a class=\"elementor-button elementor-button-link elementor-size-md elementor-animation-shrink\" href=\"https:\/\/prolancers.pl\/\">\n\t\t\t\t\t\t<span class=\"elementor-button-content-wrapper\">\n\t\t\t\t\t\t\t\t\t<span class=\"elementor-button-text\">Strona G\u0142\u00f3wna<\/span>\n\t\t\t\t\t<\/span>\n\t\t\t\t\t<\/a>\n\t\t\t\t<\/div>\n\t\t\t\t\t\t\t\t<\/div>\n\t\t\t\t<\/div>\n\t\t\t\t\t<\/div>\n\t\t<\/div>\n\t\t\t\t\t<\/div>\n\t\t<\/section>\n\t\t\t\t<section class=\"elementor-section elementor-top-section elementor-element elementor-element-42b87fe elementor-section-content-middle elementor-section-boxed elementor-section-height-default elementor-section-height-default\" data-id=\"42b87fe\" data-element_type=\"section\" data-e-type=\"section\">\n\t\t\t\t\t\t<div class=\"elementor-container elementor-column-gap-no\">\n\t\t\t\t\t<div class=\"elementor-column elementor-col-100 elementor-top-column elementor-element elementor-element-6a8ad54\" data-id=\"6a8ad54\" data-element_type=\"column\" data-e-type=\"column\">\n\t\t\t<div class=\"elementor-widget-wrap elementor-element-populated\">\n\t\t\t\t<div class=\"elementor-element elementor-element-570df28 e-grid e-con-boxed e-con e-parent\" data-id=\"570df28\" data-element_type=\"container\" data-e-type=\"container\">\n\t\t\t\t\t<div class=\"e-con-inner\">\n\t\t\t\t<div class=\"elementor-element elementor-element-98d2032 elementor-widget elementor-widget-heading\" data-id=\"98d2032\" data-element_type=\"widget\" data-e-type=\"widget\" data-widget_type=\"heading.default\">\n\t\t\t\t<div class=\"elementor-widget-container\">\n\t\t\t\t\t<h2 class=\"elementor-heading-title elementor-size-default\"><h2 data-elementor-setting-key=\"title\" data-pen-placeholder=\"Pisz tutaj...\" style=\"font-weight: var( --e-global-typography-eabf857-font-weight );line-height: var( --e-global-typography-eabf857-line-height );font-size: var( --e-global-typography-eabf857-font-size );letter-spacing: normal;text-transform: var( --e-global-typography-eabf857-text-transform )\">kilka s\u0142\u00f3w o mnie<span style=\"font-family: var( --e-global-typography-primary-font-family ), Sans-serif;font-size: 2rem;font-weight: 500;letter-spacing: var( --e-global-typography-primary-letter-spacing );text-align: var(--text-align);background-color: var( --e-global-color-2f61f58 )\"><\/span><\/h2><\/h2>\t\t\t\t<\/div>\n\t\t\t\t<\/div>\n\t\t\t\t<div class=\"elementor-element elementor-element-f5c5dd0 elementor-widget elementor-widget-image\" data-id=\"f5c5dd0\" data-element_type=\"widget\" data-e-type=\"widget\" data-widget_type=\"image.default\">\n\t\t\t\t<div class=\"elementor-widget-container\">\n\t\t\t\t\t\t\t\t\t\t\t\t\t\t\t<img fetchpriority=\"high\" decoding=\"async\" width=\"1720\" height=\"1237\" src=\"https:\/\/prolancers.pl\/wp-content\/uploads\/2025\/01\/Mathew-3.jpg\" class=\"attachment-full size-full wp-image-492\" alt=\"\" srcset=\"https:\/\/prolancers.pl\/wp-content\/uploads\/2025\/01\/Mathew-3.jpg 1720w, https:\/\/prolancers.pl\/wp-content\/uploads\/2025\/01\/Mathew-3-300x216.jpg 300w, https:\/\/prolancers.pl\/wp-content\/uploads\/2025\/01\/Mathew-3-1024x736.jpg 1024w, https:\/\/prolancers.pl\/wp-content\/uploads\/2025\/01\/Mathew-3-768x552.jpg 768w, https:\/\/prolancers.pl\/wp-content\/uploads\/2025\/01\/Mathew-3-1536x1105.jpg 1536w\" sizes=\"(max-width: 1720px) 100vw, 1720px\" \/>\t\t\t\t\t\t\t\t\t\t\t\t\t\t\t<\/div>\n\t\t\t\t<\/div>\n\t\t\t\t\t<\/div>\n\t\t\t\t<\/div>\n\t\t\t\t<div class=\"elementor-element elementor-element-6ba0fb3 elementor-widget elementor-widget-spacer\" data-id=\"6ba0fb3\" data-element_type=\"widget\" data-e-type=\"widget\" data-widget_type=\"spacer.default\">\n\t\t\t\t<div class=\"elementor-widget-container\">\n\t\t\t\t\t\t\t<div class=\"elementor-spacer\">\n\t\t\t<div class=\"elementor-spacer-inner\"><\/div>\n\t\t<\/div>\n\t\t\t\t\t\t<\/div>\n\t\t\t\t<\/div>\n\t\t\t\t<div class=\"elementor-element elementor-element-2a2bcc9 elementor-widget__width-initial elementor-widget elementor-widget-text-editor\" data-id=\"2a2bcc9\" data-element_type=\"widget\" data-e-type=\"widget\" data-widget_type=\"text-editor.default\">\n\t\t\t\t<div class=\"elementor-widget-container\">\n\t\t\t\t\t\t\t\t\t<p data-start=\"199\" data-end=\"538\">Ju\u017c na studiach informatycznych na Wydziale Matematyki i Informatyki Uniwersytetu Miko\u0142aja Kopernika zacz\u0105\u0142em dostrzega\u0107, \u017ce moje zainteresowania wykraczaj\u0105 poza samo programowanie. Zamiast ogranicza\u0107 si\u0119 do nauki kodu, postanowi\u0142em przetestowa\u0107 swoje umiej\u0119tno\u015bci w praktyce \u2013 i rozpocz\u0105\u0107 pierwsze dzia\u0142ania w obszarze sprzeda\u017cy online.<\/p><p data-start=\"540\" data-end=\"1021\">Zainwestowa\u0142em niewielk\u0105 kwot\u0119 w program dost\u0119pny w promocyjnej cenie, aby przetestowa\u0107 jego potencja\u0142 sprzeda\u017cowy. Eksperyment zako\u0144czy\u0142 si\u0119 sukcesem \u2013 produkt zosta\u0142 sprzedany z zyskiem, co nie tylko da\u0142o mi satysfakcj\u0119, ale tak\u017ce zainspirowa\u0142o do kontynuowania dzia\u0142a\u0144 w tym kierunku. Zacz\u0105\u0142em reinwestowa\u0107 zyski, analizowa\u0107 rynek i szuka\u0107 kolejnych okazji. Z ka\u017cdym kolejnym krokiem zyskiwa\u0142em do\u015bwiadczenie, rozwija\u0142em strategi\u0119 i budowa\u0142em zrozumienie mechanizm\u00f3w e-commerce.<\/p><p data-start=\"1023\" data-end=\"1677\">Szybko zda\u0142em sobie spraw\u0119, \u017ce planowanie sprzeda\u017cy, optymalizacja proces\u00f3w oraz kreatywne poszukiwanie rozwi\u0105za\u0144 s\u0105 dla mnie znacznie bardziej pasjonuj\u0105ce ni\u017c samo programowanie. Tak zrodzi\u0142 si\u0119 pe\u0142noetatowy biznes, kt\u00f3ry z czasem sta\u0142 si\u0119 moim g\u0142\u00f3wnym zaj\u0119ciem. Wiedza zdobyta na studiach, cho\u0107 na pierwszy rzut oka niezwi\u0105zania ze sprzeda\u017c\u0105 on-line &#8211; wielokrotnie pozwala\u0142a usprawni\u0107 moje dzia\u0142ania biznesowe. Umiej\u0119tno\u015bci analityczne, techniczne i logiczne my\u015blenie, zdobyte w trakcie studi\u00f3w, okaza\u0142y si\u0119 niezwykle przydatne w pracy z zespo\u0142em, automatyzacji proces\u00f3w oraz tworzeniu skutecznych strategii sprzeda\u017cy i komunikacji z klientami.<\/p><p data-start=\"1679\" data-end=\"2249\">W momencie, gdy rynek oprogramowania przeszed\u0142 znacz\u0105ce zmiany, potraktowa\u0142em to nie jako przeszkod\u0119, ale jako okazj\u0119 do dalszego rozwoju. Postanowi\u0142em zainwestowa\u0107 czas i \u015brodki w nowy projekt \u2013 sklep internetowy z systemami monitoringu, oparty na modelu dropshippingowym. Wsp\u00f3\u0142pracowa\u0142em z wieloma hurtowniami, a najwi\u0119kszym wyzwaniem technicznym by\u0142o stworzenie zautomatyzowanego i poprawnie dzia\u0142aj\u0105cego feedu produktowego. Dzi\u0119ki determinacji, wiedzy i umiej\u0119tno\u015bciom nabytym na studiach, uda\u0142o mi si\u0119 pokona\u0107 t\u0119 przeszkod\u0119 i uruchomi\u0107 w pe\u0142ni funkcjonalny sklep.<\/p><p data-start=\"2251\" data-end=\"2682\">Projekt szybko nabra\u0142 tempa \u2013 sprzeda\u017c ros\u0142a, klienci wracali, a marka zyskiwa\u0142a rozpoznawalno\u015b\u0107. Jednak z czasem zrozumia\u0142em, \u017ce to nie sama obs\u0142uga sklepu czy realizacja zam\u00f3wie\u0144 daje mi najwi\u0119cej satysfakcji, ale dzia\u0142ania strategiczne: optymalizacja, automatyzacja, analiza danych i wprowadzanie nowych usprawnie\u0144. Nadmiar operacyjnych obowi\u0105zk\u00f3w zacz\u0105\u0142 ogranicza\u0107 przestrze\u0144 dla tego, co lubi\u0119 najbardziej \u2013 tw\u00f3rczego rozwoju.<\/p><p data-start=\"2684\" data-end=\"3004\">To sk\u0142oni\u0142o mnie do kolejnego wa\u017cnego kroku w karierze \u2013 poszukiwania stanowiska, kt\u00f3re pozwoli mi skupi\u0107 si\u0119 na obszarach, w kt\u00f3rych jestem najmocniejszy i kt\u00f3re daj\u0105 mi najwi\u0119ksz\u0105 satysfakcj\u0119. W ten spos\u00f3b trafi\u0142em do firmy <span data-start=\"2910\" data-end=\"2944\">Fart Produkt (czasnarolety.pl)<\/span>, gdzie obj\u0105\u0142em stanowisko <span data-start=\"2971\" data-end=\"3003\">Kierownika Dzia\u0142u E-commerce<\/span>.<\/p><p data-start=\"3006\" data-end=\"3352\">Ju\u017c w ci\u0105gu pierwszych sze\u015bciu miesi\u0119cy uda\u0142o mi si\u0119 osi\u0105gn\u0105\u0107 wymierne efekty \u2013 <b>zwi\u0119kszyli\u015bmy sprzeda\u017c o <span data-start=\"3111\" data-end=\"3119\">123%<\/span>, jednocze\u015bnie <span data-start=\"3134\" data-end=\"3173\">obni\u017caj\u0105c koszty marketingowe o 31%<\/span><\/b>, przy zachowaniu pe\u0142nej mar\u017cowo\u015bci. Tak imponuj\u0105cy rezultat by\u0142 mo\u017cliwy dzi\u0119ki kompleksowemu podej\u015bciu do rozwoju sklepu internetowego i dzia\u0142a\u0144 online. Kluczow\u0105 rol\u0119 odegra\u0142y:<\/p><ul data-start=\"3353\" data-end=\"3660\"><li data-start=\"3353\" data-end=\"3397\"><p data-start=\"3355\" data-end=\"3397\">analiza danych i optymalizacja proces\u00f3w,<\/p><\/li><li data-start=\"3398\" data-end=\"3430\"><p data-start=\"3400\" data-end=\"3430\">poprawa UX\/UI strony sklepu,<\/p><\/li><li data-start=\"3431\" data-end=\"3470\"><p data-start=\"3433\" data-end=\"3470\">usprawnienie wsp\u00f3\u0142pracy zespo\u0142owej,<\/p><\/li><li data-start=\"3471\" data-end=\"3524\"><p data-start=\"3473\" data-end=\"3524\">wdra\u017canie automatyzacji i integracji systemowych,<\/p><\/li><li data-start=\"3525\" data-end=\"3568\"><p data-start=\"3527\" data-end=\"3568\">skuteczna wsp\u00f3\u0142praca z web developerem,<\/p><\/li><li data-start=\"3569\" data-end=\"3660\"><p data-start=\"3571\" data-end=\"3660\">lepsze targetowanie kampanii marketingowych i poprawa efektywno\u015bci dzia\u0142a\u0144 reklamowych.<\/p><\/li><\/ul><p data-start=\"3662\" data-end=\"3872\">Zesp\u00f3\u0142 zyska\u0142 now\u0105 dynamik\u0119, a ca\u0142y dzia\u0142 e-commerce \u2013 jasno zdefiniowan\u0105 strategi\u0119 dzia\u0142ania. Ka\u017cde dzia\u0142anie by\u0142o poparte danymi i mierzalnym efektem, co pozwoli\u0142o na realne i trwa\u0142e zwi\u0119kszenie efektywno\u015bci.<\/p><p style=\"text-indent: 35.4pt;\">\u00a0<\/p><p data-start=\"3874\" data-end=\"4260\">Dzi\u015b z pe\u0142nym przekonaniem mog\u0119 powiedzie\u0107, \u017ce moje do\u015bwiadczenie \u0142\u0105czy <strong data-start=\"3946\" data-end=\"4031\">umiej\u0119tno\u015bci techniczne, strategiczne my\u015blenie i zrozumienie potrzeb u\u017cytkownik\u00f3w<\/strong>. Ceni\u0119 sobie elastyczno\u015b\u0107, tempo zmian i mo\u017cliwo\u015bci, jakie daje e-commerce. Wci\u0105\u017c jestem otwarty na nowe wyzwania i projekty, kt\u00f3re pozwol\u0105 mi dalej rozwija\u0107 si\u0119 w tym dynamicznym obszarze, dostarczaj\u0105c realn\u0105 warto\u015b\u0107 biznesow\u0105.<\/p>\t\t\t\t\t\t\t\t<\/div>\n\t\t\t\t<\/div>\n\t\t\t\t\t<\/div>\n\t\t<\/div>\n\t\t\t\t\t<\/div>\n\t\t<\/section>\n\t\t\t\t<section class=\"elementor-section elementor-top-section elementor-element elementor-element-3af64a9 elementor-section-boxed elementor-section-height-default elementor-section-height-default\" data-id=\"3af64a9\" data-element_type=\"section\" data-e-type=\"section\" data-settings=\"{&quot;background_background&quot;:&quot;classic&quot;}\">\n\t\t\t\t\t\t\t<div class=\"elementor-background-overlay\"><\/div>\n\t\t\t\t\t\t\t<div class=\"elementor-container elementor-column-gap-no\">\n\t\t\t\t\t<div class=\"elementor-column elementor-col-100 elementor-top-column elementor-element elementor-element-ab142fb\" data-id=\"ab142fb\" data-element_type=\"column\" data-e-type=\"column\">\n\t\t\t<div class=\"elementor-widget-wrap\">\n\t\t\t\t\t\t\t<\/div>\n\t\t<\/div>\n\t\t\t\t\t<\/div>\n\t\t<\/section>\n\t\t\t\t<\/div>\n\t\t","protected":false},"excerpt":{"rendered":"<p>Kim jestem? Czyli kr\u00f3tka historia o tym jak trafi\u0142em do \u015bwiata e-commerce i marketingu Strona G\u0142\u00f3wna kilka s\u0142\u00f3w o mnie Ju\u017c na studiach informatycznych na Wydziale Matematyki i Informatyki Uniwersytetu Miko\u0142aja Kopernika zacz\u0105\u0142em dostrzega\u0107, \u017ce moje zainteresowania wykraczaj\u0105 poza samo programowanie. Zamiast ogranicza\u0107 si\u0119 do nauki kodu, postanowi\u0142em przetestowa\u0107 swoje umiej\u0119tno\u015bci w praktyce \u2013 i [&hellip;]<\/p>\n","protected":false},"author":1,"featured_media":0,"parent":0,"menu_order":0,"comment_status":"closed","ping_status":"closed","template":"elementor_header_footer","meta":{"_eb_attr":"","footnotes":""},"class_list":["post-99","page","type-page","status-publish","hentry"],"yoast_head":"<!-- This site is optimized with the Yoast SEO plugin v27.3 - https:\/\/yoast.com\/product\/yoast-seo-wordpress\/ -->\n<title>O Mnie - ProLancers<\/title>\n<meta name=\"robots\" content=\"index, follow, max-snippet:-1, max-image-preview:large, max-video-preview:-1\" \/>\n<link rel=\"canonical\" href=\"https:\/\/prolancers.pl\/index.php\/o-mnie\/\" \/>\n<meta property=\"og:locale\" content=\"pl_PL\" \/>\n<meta property=\"og:type\" content=\"article\" \/>\n<meta property=\"og:title\" content=\"O Mnie - ProLancers\" \/>\n<meta property=\"og:description\" content=\"Kim jestem? Czyli kr\u00f3tka historia o tym jak trafi\u0142em do \u015bwiata e-commerce i marketingu Strona G\u0142\u00f3wna kilka s\u0142\u00f3w o mnie Ju\u017c na studiach informatycznych na Wydziale Matematyki i Informatyki Uniwersytetu Miko\u0142aja Kopernika zacz\u0105\u0142em dostrzega\u0107, \u017ce moje zainteresowania wykraczaj\u0105 poza samo programowanie. Zamiast ogranicza\u0107 si\u0119 do nauki kodu, postanowi\u0142em przetestowa\u0107 swoje umiej\u0119tno\u015bci w praktyce \u2013 i [&hellip;]\" \/>\n<meta property=\"og:url\" content=\"https:\/\/prolancers.pl\/index.php\/o-mnie\/\" \/>\n<meta property=\"og:site_name\" content=\"ProLancers\" \/>\n<meta property=\"article:modified_time\" content=\"2025-07-23T13:33:51+00:00\" \/>\n<meta property=\"og:image\" content=\"https:\/\/prolancers.pl\/wp-content\/uploads\/2025\/01\/Mathew-3.jpg\" \/>\n\t<meta property=\"og:image:width\" content=\"1720\" \/>\n\t<meta property=\"og:image:height\" content=\"1237\" \/>\n\t<meta property=\"og:image:type\" content=\"image\/jpeg\" \/>\n<meta name=\"twitter:card\" content=\"summary_large_image\" \/>\n<meta name=\"twitter:label1\" content=\"Szacowany czas czytania\" \/>\n\t<meta name=\"twitter:data1\" content=\"4 minuty\" \/>\n<script type=\"application\/ld+json\" class=\"yoast-schema-graph\">{\"@context\":\"https:\\\/\\\/schema.org\",\"@graph\":[{\"@type\":\"WebPage\",\"@id\":\"https:\\\/\\\/prolancers.pl\\\/index.php\\\/o-mnie\\\/\",\"url\":\"https:\\\/\\\/prolancers.pl\\\/index.php\\\/o-mnie\\\/\",\"name\":\"O Mnie - ProLancers\",\"isPartOf\":{\"@id\":\"https:\\\/\\\/prolancers.pl\\\/#website\"},\"primaryImageOfPage\":{\"@id\":\"https:\\\/\\\/prolancers.pl\\\/index.php\\\/o-mnie\\\/#primaryimage\"},\"image\":{\"@id\":\"https:\\\/\\\/prolancers.pl\\\/index.php\\\/o-mnie\\\/#primaryimage\"},\"thumbnailUrl\":\"https:\\\/\\\/prolancers.pl\\\/wp-content\\\/uploads\\\/2025\\\/01\\\/Mathew-3.jpg\",\"datePublished\":\"2025-01-18T17:01:42+00:00\",\"dateModified\":\"2025-07-23T13:33:51+00:00\",\"breadcrumb\":{\"@id\":\"https:\\\/\\\/prolancers.pl\\\/index.php\\\/o-mnie\\\/#breadcrumb\"},\"inLanguage\":\"pl-PL\",\"potentialAction\":[{\"@type\":\"ReadAction\",\"target\":[\"https:\\\/\\\/prolancers.pl\\\/index.php\\\/o-mnie\\\/\"]}]},{\"@type\":\"ImageObject\",\"inLanguage\":\"pl-PL\",\"@id\":\"https:\\\/\\\/prolancers.pl\\\/index.php\\\/o-mnie\\\/#primaryimage\",\"url\":\"https:\\\/\\\/prolancers.pl\\\/wp-content\\\/uploads\\\/2025\\\/01\\\/Mathew-3.jpg\",\"contentUrl\":\"https:\\\/\\\/prolancers.pl\\\/wp-content\\\/uploads\\\/2025\\\/01\\\/Mathew-3.jpg\",\"width\":1720,\"height\":1237},{\"@type\":\"BreadcrumbList\",\"@id\":\"https:\\\/\\\/prolancers.pl\\\/index.php\\\/o-mnie\\\/#breadcrumb\",\"itemListElement\":[{\"@type\":\"ListItem\",\"position\":1,\"name\":\"Strona g\u0142\u00f3wna\",\"item\":\"https:\\\/\\\/prolancers.pl\\\/\"},{\"@type\":\"ListItem\",\"position\":2,\"name\":\"O Mnie\"}]},{\"@type\":\"WebSite\",\"@id\":\"https:\\\/\\\/prolancers.pl\\\/#website\",\"url\":\"https:\\\/\\\/prolancers.pl\\\/\",\"name\":\"ProLancers\",\"description\":\"E-commerce | Marketing\",\"publisher\":{\"@id\":\"https:\\\/\\\/prolancers.pl\\\/#organization\"},\"potentialAction\":[{\"@type\":\"SearchAction\",\"target\":{\"@type\":\"EntryPoint\",\"urlTemplate\":\"https:\\\/\\\/prolancers.pl\\\/?s={search_term_string}\"},\"query-input\":{\"@type\":\"PropertyValueSpecification\",\"valueRequired\":true,\"valueName\":\"search_term_string\"}}],\"inLanguage\":\"pl-PL\"},{\"@type\":\"Organization\",\"@id\":\"https:\\\/\\\/prolancers.pl\\\/#organization\",\"name\":\"ProLancers\",\"url\":\"https:\\\/\\\/prolancers.pl\\\/\",\"logo\":{\"@type\":\"ImageObject\",\"inLanguage\":\"pl-PL\",\"@id\":\"https:\\\/\\\/prolancers.pl\\\/#\\\/schema\\\/logo\\\/image\\\/\",\"url\":\"https:\\\/\\\/prolancers.pl\\\/wp-content\\\/uploads\\\/2025\\\/01\\\/Logo-V.png\",\"contentUrl\":\"https:\\\/\\\/prolancers.pl\\\/wp-content\\\/uploads\\\/2025\\\/01\\\/Logo-V.png\",\"width\":800,\"height\":222,\"caption\":\"ProLancers\"},\"image\":{\"@id\":\"https:\\\/\\\/prolancers.pl\\\/#\\\/schema\\\/logo\\\/image\\\/\"}}]}<\/script>\n<!-- \/ Yoast SEO plugin. -->","yoast_head_json":{"title":"O Mnie - ProLancers","robots":{"index":"index","follow":"follow","max-snippet":"max-snippet:-1","max-image-preview":"max-image-preview:large","max-video-preview":"max-video-preview:-1"},"canonical":"https:\/\/prolancers.pl\/index.php\/o-mnie\/","og_locale":"pl_PL","og_type":"article","og_title":"O Mnie - ProLancers","og_description":"Kim jestem? Czyli kr\u00f3tka historia o tym jak trafi\u0142em do \u015bwiata e-commerce i marketingu Strona G\u0142\u00f3wna kilka s\u0142\u00f3w o mnie Ju\u017c na studiach informatycznych na Wydziale Matematyki i Informatyki Uniwersytetu Miko\u0142aja Kopernika zacz\u0105\u0142em dostrzega\u0107, \u017ce moje zainteresowania wykraczaj\u0105 poza samo programowanie. Zamiast ogranicza\u0107 si\u0119 do nauki kodu, postanowi\u0142em przetestowa\u0107 swoje umiej\u0119tno\u015bci w praktyce \u2013 i [&hellip;]","og_url":"https:\/\/prolancers.pl\/index.php\/o-mnie\/","og_site_name":"ProLancers","article_modified_time":"2025-07-23T13:33:51+00:00","og_image":[{"width":1720,"height":1237,"url":"https:\/\/prolancers.pl\/wp-content\/uploads\/2025\/01\/Mathew-3.jpg","type":"image\/jpeg"}],"twitter_card":"summary_large_image","twitter_misc":{"Szacowany czas czytania":"4 minuty"},"schema":{"@context":"https:\/\/schema.org","@graph":[{"@type":"WebPage","@id":"https:\/\/prolancers.pl\/index.php\/o-mnie\/","url":"https:\/\/prolancers.pl\/index.php\/o-mnie\/","name":"O Mnie - ProLancers","isPartOf":{"@id":"https:\/\/prolancers.pl\/#website"},"primaryImageOfPage":{"@id":"https:\/\/prolancers.pl\/index.php\/o-mnie\/#primaryimage"},"image":{"@id":"https:\/\/prolancers.pl\/index.php\/o-mnie\/#primaryimage"},"thumbnailUrl":"https:\/\/prolancers.pl\/wp-content\/uploads\/2025\/01\/Mathew-3.jpg","datePublished":"2025-01-18T17:01:42+00:00","dateModified":"2025-07-23T13:33:51+00:00","breadcrumb":{"@id":"https:\/\/prolancers.pl\/index.php\/o-mnie\/#breadcrumb"},"inLanguage":"pl-PL","potentialAction":[{"@type":"ReadAction","target":["https:\/\/prolancers.pl\/index.php\/o-mnie\/"]}]},{"@type":"ImageObject","inLanguage":"pl-PL","@id":"https:\/\/prolancers.pl\/index.php\/o-mnie\/#primaryimage","url":"https:\/\/prolancers.pl\/wp-content\/uploads\/2025\/01\/Mathew-3.jpg","contentUrl":"https:\/\/prolancers.pl\/wp-content\/uploads\/2025\/01\/Mathew-3.jpg","width":1720,"height":1237},{"@type":"BreadcrumbList","@id":"https:\/\/prolancers.pl\/index.php\/o-mnie\/#breadcrumb","itemListElement":[{"@type":"ListItem","position":1,"name":"Strona g\u0142\u00f3wna","item":"https:\/\/prolancers.pl\/"},{"@type":"ListItem","position":2,"name":"O Mnie"}]},{"@type":"WebSite","@id":"https:\/\/prolancers.pl\/#website","url":"https:\/\/prolancers.pl\/","name":"ProLancers","description":"E-commerce | Marketing","publisher":{"@id":"https:\/\/prolancers.pl\/#organization"},"potentialAction":[{"@type":"SearchAction","target":{"@type":"EntryPoint","urlTemplate":"https:\/\/prolancers.pl\/?s={search_term_string}"},"query-input":{"@type":"PropertyValueSpecification","valueRequired":true,"valueName":"search_term_string"}}],"inLanguage":"pl-PL"},{"@type":"Organization","@id":"https:\/\/prolancers.pl\/#organization","name":"ProLancers","url":"https:\/\/prolancers.pl\/","logo":{"@type":"ImageObject","inLanguage":"pl-PL","@id":"https:\/\/prolancers.pl\/#\/schema\/logo\/image\/","url":"https:\/\/prolancers.pl\/wp-content\/uploads\/2025\/01\/Logo-V.png","contentUrl":"https:\/\/prolancers.pl\/wp-content\/uploads\/2025\/01\/Logo-V.png","width":800,"height":222,"caption":"ProLancers"},"image":{"@id":"https:\/\/prolancers.pl\/#\/schema\/logo\/image\/"}}]}},"_links":{"self":[{"href":"https:\/\/prolancers.pl\/index.php\/wp-json\/wp\/v2\/pages\/99","targetHints":{"allow":["GET"]}}],"collection":[{"href":"https:\/\/prolancers.pl\/index.php\/wp-json\/wp\/v2\/pages"}],"about":[{"href":"https:\/\/prolancers.pl\/index.php\/wp-json\/wp\/v2\/types\/page"}],"author":[{"embeddable":true,"href":"https:\/\/prolancers.pl\/index.php\/wp-json\/wp\/v2\/users\/1"}],"replies":[{"embeddable":true,"href":"https:\/\/prolancers.pl\/index.php\/wp-json\/wp\/v2\/comments?post=99"}],"version-history":[{"count":63,"href":"https:\/\/prolancers.pl\/index.php\/wp-json\/wp\/v2\/pages\/99\/revisions"}],"predecessor-version":[{"id":713,"href":"https:\/\/prolancers.pl\/index.php\/wp-json\/wp\/v2\/pages\/99\/revisions\/713"}],"wp:attachment":[{"href":"https:\/\/prolancers.pl\/index.php\/wp-json\/wp\/v2\/media?parent=99"}],"curies":[{"name":"wp","href":"https:\/\/api.w.org\/{rel}","templated":true}]}}