{"id":467,"date":"2025-01-29T17:02:17","date_gmt":"2025-01-29T17:02:17","guid":{"rendered":"https:\/\/prolancers.pl\/?page_id=467"},"modified":"2025-02-02T19:05:58","modified_gmt":"2025-02-02T19:05:58","slug":"gdzie-sie-promowac","status":"publish","type":"page","link":"https:\/\/prolancers.pl\/index.php\/gdzie-sie-promowac\/","title":{"rendered":"Gdzie Si\u0119 Promowa\u0107"},"content":{"rendered":"\t\t<div data-elementor-type=\"wp-page\" data-elementor-id=\"467\" class=\"elementor elementor-467\">\n\t\t\t\t\t\t<section class=\"elementor-section elementor-top-section elementor-element elementor-element-6f56534 elementor-reverse-tablet elementor-reverse-mobile elementor-section-boxed elementor-section-height-default elementor-section-height-default\" data-id=\"6f56534\" data-element_type=\"section\" data-e-type=\"section\" id=\"info_section\" data-settings=\"{&quot;background_background&quot;:&quot;gradient&quot;}\">\n\t\t\t\t\t\t\t<div class=\"elementor-background-overlay\"><\/div>\n\t\t\t\t\t\t\t<div class=\"elementor-container elementor-column-gap-no\">\n\t\t\t\t\t<div class=\"elementor-column elementor-col-100 elementor-top-column elementor-element elementor-element-3a0e1b1\" data-id=\"3a0e1b1\" data-element_type=\"column\" data-e-type=\"column\">\n\t\t\t<div class=\"elementor-widget-wrap elementor-element-populated\">\n\t\t\t\t\t\t<div class=\"elementor-element elementor-element-b3543fc elementor-widget elementor-widget-heading\" data-id=\"b3543fc\" data-element_type=\"widget\" data-e-type=\"widget\" data-widget_type=\"heading.default\">\n\t\t\t\t<div class=\"elementor-widget-container\">\n\t\t\t\t\t<h1 class=\"elementor-heading-title elementor-size-default\">Gdzie si\u0119 promowa\u0107<\/h1>\t\t\t\t<\/div>\n\t\t\t\t<\/div>\n\t\t\t\t<div class=\"elementor-element elementor-element-9cbbf62 elementor-widget elementor-widget-heading\" data-id=\"9cbbf62\" data-element_type=\"widget\" data-e-type=\"widget\" data-widget_type=\"heading.default\">\n\t\t\t\t<div class=\"elementor-widget-container\">\n\t\t\t\t\t<p class=\"elementor-heading-title elementor-size-default\">Kt\u00f3re z promowa\u0144 przynios\u0105 najwi\u0119cej korzy\u015bci? Rozpoczn\u0119 od swojej tezy, kt\u00f3r\u0105 postaram si\u0119 po kr\u00f3tce uargumentowa\u0107.<\/p>\t\t\t\t<\/div>\n\t\t\t\t<\/div>\n\t\t\t\t<div class=\"elementor-element elementor-element-16dfe67 elementor-tablet-align-center elementor-align-center elementor-widget elementor-widget-button\" data-id=\"16dfe67\" data-element_type=\"widget\" data-e-type=\"widget\" data-widget_type=\"button.default\">\n\t\t\t\t<div class=\"elementor-widget-container\">\n\t\t\t\t\t\t\t\t\t<div class=\"elementor-button-wrapper\">\n\t\t\t\t\t<a class=\"elementor-button elementor-button-link elementor-size-md elementor-animation-shrink\" href=\"https:\/\/prolancers.pl\/\">\n\t\t\t\t\t\t<span class=\"elementor-button-content-wrapper\">\n\t\t\t\t\t\t\t\t\t<span class=\"elementor-button-text\">Strona G\u0142\u00f3wna<\/span>\n\t\t\t\t\t<\/span>\n\t\t\t\t\t<\/a>\n\t\t\t\t<\/div>\n\t\t\t\t\t\t\t\t<\/div>\n\t\t\t\t<\/div>\n\t\t\t\t\t<\/div>\n\t\t<\/div>\n\t\t\t\t\t<\/div>\n\t\t<\/section>\n\t\t\t\t<section class=\"elementor-section elementor-top-section elementor-element elementor-element-42b87fe elementor-section-content-middle elementor-section-boxed elementor-section-height-default elementor-section-height-default\" data-id=\"42b87fe\" data-element_type=\"section\" data-e-type=\"section\">\n\t\t\t\t\t\t<div class=\"elementor-container elementor-column-gap-no\">\n\t\t\t\t\t<div class=\"elementor-column elementor-col-100 elementor-top-column elementor-element elementor-element-6a8ad54\" data-id=\"6a8ad54\" data-element_type=\"column\" data-e-type=\"column\">\n\t\t\t<div class=\"elementor-widget-wrap elementor-element-populated\">\n\t\t\t\t\t\t<div class=\"elementor-element elementor-element-cc3d5d3 elementor-widget elementor-widget-heading\" data-id=\"cc3d5d3\" data-element_type=\"widget\" data-e-type=\"widget\" data-widget_type=\"heading.default\">\n\t\t\t\t<div class=\"elementor-widget-container\">\n\t\t\t\t\t<h2 class=\"elementor-heading-title elementor-size-default\">Odpowied\u017a: To zale\u017cy<\/h2>\t\t\t\t<\/div>\n\t\t\t\t<\/div>\n\t\t\t\t<div class=\"elementor-element elementor-element-9cf75b0 elementor-widget elementor-widget-text-editor\" data-id=\"9cf75b0\" data-element_type=\"widget\" data-e-type=\"widget\" data-widget_type=\"text-editor.default\">\n\t\t\t\t<div class=\"elementor-widget-container\">\n\t\t\t\t\t\t\t\t\t<p class=\"MsoNormal\">\u00a0 \u00a0 \u00a0 \u00a0 \u00a0 \u00a0 \u00a0 \u00a0 Dzia\u0142ania strategiczne i marketingowe powinny by\u0107 dostosowane do firmy i bran\u017cy. Obecnie ka\u017cda firma chce by\u0107 widoczna na mediach spo\u0142eczno\u015bciowych, ale w wielu przypadkach jest to pozbawione wi\u0119kszego sensu. W przypadku korporacji posiadanie tego typu profili jest jak najbardziej zalecane, niezale\u017cnie od bran\u017cy, po prostu ogromni gracze na rynku musz\u0105 widnie\u0107 na ka\u017cdej znacz\u0105cej platformie (chocia\u017cby w ramach unikni\u0119cia oszustw i wy\u0142udze\u0144, kt\u00f3rych m\u00f3g\u0142by kto\u015b dokona\u0107 podszywaj\u0105c si\u0119 pod tak\u0105 firm\u0119).<\/p>\t\t\t\t\t\t\t\t<\/div>\n\t\t\t\t<\/div>\n\t\t\t\t<div class=\"elementor-element elementor-element-2a2bcc9 elementor-widget elementor-widget-text-editor\" data-id=\"2a2bcc9\" data-element_type=\"widget\" data-e-type=\"widget\" data-widget_type=\"text-editor.default\">\n\t\t\t\t<div class=\"elementor-widget-container\">\n\t\t\t\t\t\t\t\t\t<p class=\"MsoNormal\">\u00a0 \u00a0 \u00a0 \u00a0 \u00a0 \u00a0 \u00a0 \u00a0 W pozosta\u0142ych przypadkach tj. ma\u0142ych i \u015brednich przedsi\u0119biorstwach nale\u017cy rozwa\u017cy\u0107, czy tego typu dzia\u0142ania pozwol\u0105 uzyska\u0107 dodatkowe konwersje, b\u0105d\u017a pozwol\u0105 utrzyma\u0107 kontakt z klientami. Oczywi\u015bcie mo\u017ce to by\u0107 element budowania wierzytelno\u015bci firmy, chocia\u017c moim zdaniem ze wzgl\u0119du na to, i\u017c teraz niemal ka\u017cda firma ma konto na Facebook\u2019u \u2013 straci\u0142o to na znaczeniu.<\/p>\t\t\t\t\t\t\t\t<\/div>\n\t\t\t\t<\/div>\n\t\t\t\t<div class=\"elementor-element elementor-element-dbba2a2 elementor-widget elementor-widget-text-editor\" data-id=\"dbba2a2\" data-element_type=\"widget\" data-e-type=\"widget\" data-widget_type=\"text-editor.default\">\n\t\t\t\t<div class=\"elementor-widget-container\">\n\t\t\t\t\t\t\t\t\t<p class=\"MsoNormal\" style=\"text-indent: 35.4pt;\">Za przyk\u0142ad we\u017amy lokaln\u0105 firm\u0119 sprzedaj\u0105c\u0105 sprz\u0119t budowlany, kt\u00f3rej prezes zatrudnia pracownika, aby ten przygotowa\u0142 fanpage na Facebooku, Instagramie i TikToku. Ile os\u00f3b b\u0119dzie zagl\u0105da\u0142o na taki fanpage? Ilu potencjalnych klient\u00f3w b\u0119dzie szuka\u0142o sprz\u0119tu budowlanego na instagramie? Gdzie ka\u017cdy szuka\u0142by sprz\u0119tu budowlanego?<\/p>\t\t\t\t\t\t\t\t<\/div>\n\t\t\t\t<\/div>\n\t\t\t\t<div class=\"elementor-element elementor-element-7c18871 elementor-widget elementor-widget-text-editor\" data-id=\"7c18871\" data-element_type=\"widget\" data-e-type=\"widget\" data-widget_type=\"text-editor.default\">\n\t\t\t\t<div class=\"elementor-widget-container\">\n\t\t\t\t\t\t\t\t\t<p class=\"MsoNormal\" style=\"text-indent: 35.4pt;\">Inaczej wygl\u0105da\u0142aby sprawa w przypadku lokalnej piekarni\/cukierni, kt\u00f3ra na swoim profilu informowa\u0142aby pobliskich mieszka\u0144c\u00f3w, o nowym przysmaku, b\u0105d\u017a wyprzeda\u017cy pieczywa przed zamkni\u0119ciem lokalu. Tutaj warto r\u00f3wnie\u017c zwr\u00f3ci\u0107 uwag\u0119 na zdj\u0119cia, kt\u00f3re mog\u0105 przyci\u0105ga\u0107 uwag\u0119 i wzbudzi\u0107 apetyt u przegl\u0105daj\u0105cych, jak i o tym, \u017ce dzia\u0142anie zwi\u0105zane z bod\u017acem nie by\u0142oby od\u0142o\u017cone w czasie. G\u0142odny klient m\u00f3g\u0142by skorzysta\u0107 z oferty instynktownie i bardzo szybko podj\u0105\u0107 decyzj\u0119 o z\u0142o\u017ceniu wizyty w lokalu.<\/p>\t\t\t\t\t\t\t\t<\/div>\n\t\t\t\t<\/div>\n\t\t\t\t\t<\/div>\n\t\t<\/div>\n\t\t\t\t\t<\/div>\n\t\t<\/section>\n\t\t\t\t<section class=\"elementor-section elementor-top-section elementor-element elementor-element-5d0858e elementor-section-boxed elementor-section-height-default elementor-section-height-default\" data-id=\"5d0858e\" data-element_type=\"section\" data-e-type=\"section\" data-settings=\"{&quot;background_background&quot;:&quot;classic&quot;}\">\n\t\t\t\t\t\t\t<div class=\"elementor-background-overlay\"><\/div>\n\t\t\t\t\t\t\t<div class=\"elementor-container elementor-column-gap-no\">\n\t\t\t\t\t<div class=\"elementor-column elementor-col-100 elementor-top-column elementor-element elementor-element-f7127fd\" data-id=\"f7127fd\" data-element_type=\"column\" data-e-type=\"column\" data-settings=\"{&quot;background_background&quot;:&quot;classic&quot;}\">\n\t\t\t<div class=\"elementor-widget-wrap elementor-element-populated\">\n\t\t\t\t\t<div class=\"elementor-background-overlay\"><\/div>\n\t\t\t\t\t\t<div class=\"elementor-element elementor-element-570c324 elementor-widget__width-auto elementor-absolute elementor-widget elementor-widget-image\" data-id=\"570c324\" data-element_type=\"widget\" data-e-type=\"widget\" data-settings=\"{&quot;_position&quot;:&quot;absolute&quot;}\" data-widget_type=\"image.default\">\n\t\t\t\t<div class=\"elementor-widget-container\">\n\t\t\t\t\t\t\t\t\t\t\t\t\t\t\t<img fetchpriority=\"high\" decoding=\"async\" width=\"1890\" height=\"1905\" src=\"https:\/\/prolancers.pl\/wp-content\/uploads\/2025\/01\/Ellipse-1.png\" class=\"attachment-full size-full wp-image-82\" alt=\"\" srcset=\"https:\/\/prolancers.pl\/wp-content\/uploads\/2025\/01\/Ellipse-1.png 1890w, https:\/\/prolancers.pl\/wp-content\/uploads\/2025\/01\/Ellipse-1-298x300.png 298w, https:\/\/prolancers.pl\/wp-content\/uploads\/2025\/01\/Ellipse-1-1016x1024.png 1016w, https:\/\/prolancers.pl\/wp-content\/uploads\/2025\/01\/Ellipse-1-150x150.png 150w, https:\/\/prolancers.pl\/wp-content\/uploads\/2025\/01\/Ellipse-1-768x774.png 768w, https:\/\/prolancers.pl\/wp-content\/uploads\/2025\/01\/Ellipse-1-1524x1536.png 1524w, https:\/\/prolancers.pl\/wp-content\/uploads\/2025\/01\/Ellipse-1-100x100.png 100w\" sizes=\"(max-width: 1890px) 100vw, 1890px\" \/>\t\t\t\t\t\t\t\t\t\t\t\t\t\t\t<\/div>\n\t\t\t\t<\/div>\n\t\t\t\t<div class=\"elementor-element elementor-element-74b0ff2 elementor-widget__width-auto elementor-absolute elementor-widget elementor-widget-image\" data-id=\"74b0ff2\" data-element_type=\"widget\" data-e-type=\"widget\" data-settings=\"{&quot;_position&quot;:&quot;absolute&quot;}\" data-widget_type=\"image.default\">\n\t\t\t\t<div class=\"elementor-widget-container\">\n\t\t\t\t\t\t\t\t\t\t\t\t\t\t\t<img fetchpriority=\"high\" decoding=\"async\" width=\"1890\" height=\"1905\" src=\"https:\/\/prolancers.pl\/wp-content\/uploads\/2025\/01\/Ellipse-1.png\" class=\"attachment-full size-full wp-image-82\" alt=\"\" srcset=\"https:\/\/prolancers.pl\/wp-content\/uploads\/2025\/01\/Ellipse-1.png 1890w, https:\/\/prolancers.pl\/wp-content\/uploads\/2025\/01\/Ellipse-1-298x300.png 298w, https:\/\/prolancers.pl\/wp-content\/uploads\/2025\/01\/Ellipse-1-1016x1024.png 1016w, https:\/\/prolancers.pl\/wp-content\/uploads\/2025\/01\/Ellipse-1-150x150.png 150w, https:\/\/prolancers.pl\/wp-content\/uploads\/2025\/01\/Ellipse-1-768x774.png 768w, https:\/\/prolancers.pl\/wp-content\/uploads\/2025\/01\/Ellipse-1-1524x1536.png 1524w, https:\/\/prolancers.pl\/wp-content\/uploads\/2025\/01\/Ellipse-1-100x100.png 100w\" sizes=\"(max-width: 1890px) 100vw, 1890px\" \/>\t\t\t\t\t\t\t\t\t\t\t\t\t\t\t<\/div>\n\t\t\t\t<\/div>\n\t\t\t\t\t<\/div>\n\t\t<\/div>\n\t\t\t\t\t<\/div>\n\t\t<\/section>\n\t\t\t\t<section class=\"elementor-section elementor-top-section elementor-element elementor-element-3af64a9 elementor-section-boxed elementor-section-height-default elementor-section-height-default\" data-id=\"3af64a9\" data-element_type=\"section\" data-e-type=\"section\" data-settings=\"{&quot;background_background&quot;:&quot;classic&quot;}\">\n\t\t\t\t\t\t\t<div class=\"elementor-background-overlay\"><\/div>\n\t\t\t\t\t\t\t<div class=\"elementor-container elementor-column-gap-no\">\n\t\t\t\t\t<div class=\"elementor-column elementor-col-100 elementor-top-column elementor-element elementor-element-ab142fb\" data-id=\"ab142fb\" data-element_type=\"column\" data-e-type=\"column\">\n\t\t\t<div class=\"elementor-widget-wrap\">\n\t\t\t\t\t\t\t<\/div>\n\t\t<\/div>\n\t\t\t\t\t<\/div>\n\t\t<\/section>\n\t\t\t\t<\/div>\n\t\t","protected":false},"excerpt":{"rendered":"<p>Gdzie si\u0119 promowa\u0107 Kt\u00f3re z promowa\u0144 przynios\u0105 najwi\u0119cej korzy\u015bci? Rozpoczn\u0119 od swojej tezy, kt\u00f3r\u0105 postaram si\u0119 po kr\u00f3tce uargumentowa\u0107. Strona G\u0142\u00f3wna Odpowied\u017a: To zale\u017cy \u00a0 \u00a0 \u00a0 \u00a0 \u00a0 \u00a0 \u00a0 \u00a0 Dzia\u0142ania strategiczne i marketingowe powinny by\u0107 dostosowane do firmy i bran\u017cy. Obecnie ka\u017cda firma chce by\u0107 widoczna na mediach spo\u0142eczno\u015bciowych, ale w wielu [&hellip;]<\/p>\n","protected":false},"author":1,"featured_media":0,"parent":0,"menu_order":0,"comment_status":"closed","ping_status":"closed","template":"elementor_header_footer","meta":{"_eb_attr":"","footnotes":""},"class_list":["post-467","page","type-page","status-publish","hentry"],"yoast_head":"<!-- This site is optimized with the Yoast SEO plugin v27.3 - https:\/\/yoast.com\/product\/yoast-seo-wordpress\/ -->\n<title>Gdzie Si\u0119 Promowa\u0107 - ProLancers<\/title>\n<meta name=\"robots\" content=\"index, follow, max-snippet:-1, max-image-preview:large, max-video-preview:-1\" \/>\n<link rel=\"canonical\" href=\"https:\/\/prolancers.pl\/index.php\/gdzie-sie-promowac\/\" \/>\n<meta property=\"og:locale\" content=\"pl_PL\" \/>\n<meta property=\"og:type\" content=\"article\" \/>\n<meta property=\"og:title\" content=\"Gdzie Si\u0119 Promowa\u0107 - ProLancers\" \/>\n<meta property=\"og:description\" content=\"Gdzie si\u0119 promowa\u0107 Kt\u00f3re z promowa\u0144 przynios\u0105 najwi\u0119cej korzy\u015bci? Rozpoczn\u0119 od swojej tezy, kt\u00f3r\u0105 postaram si\u0119 po kr\u00f3tce uargumentowa\u0107. Strona G\u0142\u00f3wna Odpowied\u017a: To zale\u017cy \u00a0 \u00a0 \u00a0 \u00a0 \u00a0 \u00a0 \u00a0 \u00a0 Dzia\u0142ania strategiczne i marketingowe powinny by\u0107 dostosowane do firmy i bran\u017cy. Obecnie ka\u017cda firma chce by\u0107 widoczna na mediach spo\u0142eczno\u015bciowych, ale w wielu [&hellip;]\" \/>\n<meta property=\"og:url\" content=\"https:\/\/prolancers.pl\/index.php\/gdzie-sie-promowac\/\" \/>\n<meta property=\"og:site_name\" content=\"ProLancers\" \/>\n<meta property=\"article:modified_time\" content=\"2025-02-02T19:05:58+00:00\" \/>\n<meta property=\"og:image\" content=\"http:\/\/prolancers.pl\/wp-content\/uploads\/2025\/01\/Ellipse-1.png\" \/>\n<meta name=\"twitter:card\" content=\"summary_large_image\" \/>\n<meta name=\"twitter:label1\" content=\"Szacowany czas czytania\" \/>\n\t<meta name=\"twitter:data1\" content=\"2 minuty\" \/>\n<script type=\"application\/ld+json\" class=\"yoast-schema-graph\">{\"@context\":\"https:\\\/\\\/schema.org\",\"@graph\":[{\"@type\":\"WebPage\",\"@id\":\"https:\\\/\\\/prolancers.pl\\\/index.php\\\/gdzie-sie-promowac\\\/\",\"url\":\"https:\\\/\\\/prolancers.pl\\\/index.php\\\/gdzie-sie-promowac\\\/\",\"name\":\"Gdzie Si\u0119 Promowa\u0107 - ProLancers\",\"isPartOf\":{\"@id\":\"https:\\\/\\\/prolancers.pl\\\/#website\"},\"primaryImageOfPage\":{\"@id\":\"https:\\\/\\\/prolancers.pl\\\/index.php\\\/gdzie-sie-promowac\\\/#primaryimage\"},\"image\":{\"@id\":\"https:\\\/\\\/prolancers.pl\\\/index.php\\\/gdzie-sie-promowac\\\/#primaryimage\"},\"thumbnailUrl\":\"http:\\\/\\\/prolancers.pl\\\/wp-content\\\/uploads\\\/2025\\\/01\\\/Ellipse-1.png\",\"datePublished\":\"2025-01-29T17:02:17+00:00\",\"dateModified\":\"2025-02-02T19:05:58+00:00\",\"breadcrumb\":{\"@id\":\"https:\\\/\\\/prolancers.pl\\\/index.php\\\/gdzie-sie-promowac\\\/#breadcrumb\"},\"inLanguage\":\"pl-PL\",\"potentialAction\":[{\"@type\":\"ReadAction\",\"target\":[\"https:\\\/\\\/prolancers.pl\\\/index.php\\\/gdzie-sie-promowac\\\/\"]}]},{\"@type\":\"ImageObject\",\"inLanguage\":\"pl-PL\",\"@id\":\"https:\\\/\\\/prolancers.pl\\\/index.php\\\/gdzie-sie-promowac\\\/#primaryimage\",\"url\":\"https:\\\/\\\/prolancers.pl\\\/wp-content\\\/uploads\\\/2025\\\/01\\\/Ellipse-1.png\",\"contentUrl\":\"https:\\\/\\\/prolancers.pl\\\/wp-content\\\/uploads\\\/2025\\\/01\\\/Ellipse-1.png\",\"width\":1890,\"height\":1905},{\"@type\":\"BreadcrumbList\",\"@id\":\"https:\\\/\\\/prolancers.pl\\\/index.php\\\/gdzie-sie-promowac\\\/#breadcrumb\",\"itemListElement\":[{\"@type\":\"ListItem\",\"position\":1,\"name\":\"Strona g\u0142\u00f3wna\",\"item\":\"https:\\\/\\\/prolancers.pl\\\/\"},{\"@type\":\"ListItem\",\"position\":2,\"name\":\"Gdzie Si\u0119 Promowa\u0107\"}]},{\"@type\":\"WebSite\",\"@id\":\"https:\\\/\\\/prolancers.pl\\\/#website\",\"url\":\"https:\\\/\\\/prolancers.pl\\\/\",\"name\":\"ProLancers\",\"description\":\"E-commerce | Marketing\",\"publisher\":{\"@id\":\"https:\\\/\\\/prolancers.pl\\\/#organization\"},\"potentialAction\":[{\"@type\":\"SearchAction\",\"target\":{\"@type\":\"EntryPoint\",\"urlTemplate\":\"https:\\\/\\\/prolancers.pl\\\/?s={search_term_string}\"},\"query-input\":{\"@type\":\"PropertyValueSpecification\",\"valueRequired\":true,\"valueName\":\"search_term_string\"}}],\"inLanguage\":\"pl-PL\"},{\"@type\":\"Organization\",\"@id\":\"https:\\\/\\\/prolancers.pl\\\/#organization\",\"name\":\"ProLancers\",\"url\":\"https:\\\/\\\/prolancers.pl\\\/\",\"logo\":{\"@type\":\"ImageObject\",\"inLanguage\":\"pl-PL\",\"@id\":\"https:\\\/\\\/prolancers.pl\\\/#\\\/schema\\\/logo\\\/image\\\/\",\"url\":\"https:\\\/\\\/prolancers.pl\\\/wp-content\\\/uploads\\\/2025\\\/01\\\/Logo-V.png\",\"contentUrl\":\"https:\\\/\\\/prolancers.pl\\\/wp-content\\\/uploads\\\/2025\\\/01\\\/Logo-V.png\",\"width\":800,\"height\":222,\"caption\":\"ProLancers\"},\"image\":{\"@id\":\"https:\\\/\\\/prolancers.pl\\\/#\\\/schema\\\/logo\\\/image\\\/\"}}]}<\/script>\n<!-- \/ Yoast SEO plugin. -->","yoast_head_json":{"title":"Gdzie Si\u0119 Promowa\u0107 - ProLancers","robots":{"index":"index","follow":"follow","max-snippet":"max-snippet:-1","max-image-preview":"max-image-preview:large","max-video-preview":"max-video-preview:-1"},"canonical":"https:\/\/prolancers.pl\/index.php\/gdzie-sie-promowac\/","og_locale":"pl_PL","og_type":"article","og_title":"Gdzie Si\u0119 Promowa\u0107 - ProLancers","og_description":"Gdzie si\u0119 promowa\u0107 Kt\u00f3re z promowa\u0144 przynios\u0105 najwi\u0119cej korzy\u015bci? Rozpoczn\u0119 od swojej tezy, kt\u00f3r\u0105 postaram si\u0119 po kr\u00f3tce uargumentowa\u0107. Strona G\u0142\u00f3wna Odpowied\u017a: To zale\u017cy \u00a0 \u00a0 \u00a0 \u00a0 \u00a0 \u00a0 \u00a0 \u00a0 Dzia\u0142ania strategiczne i marketingowe powinny by\u0107 dostosowane do firmy i bran\u017cy. Obecnie ka\u017cda firma chce by\u0107 widoczna na mediach spo\u0142eczno\u015bciowych, ale w wielu [&hellip;]","og_url":"https:\/\/prolancers.pl\/index.php\/gdzie-sie-promowac\/","og_site_name":"ProLancers","article_modified_time":"2025-02-02T19:05:58+00:00","og_image":[{"url":"http:\/\/prolancers.pl\/wp-content\/uploads\/2025\/01\/Ellipse-1.png","type":"","width":"","height":""}],"twitter_card":"summary_large_image","twitter_misc":{"Szacowany czas czytania":"2 minuty"},"schema":{"@context":"https:\/\/schema.org","@graph":[{"@type":"WebPage","@id":"https:\/\/prolancers.pl\/index.php\/gdzie-sie-promowac\/","url":"https:\/\/prolancers.pl\/index.php\/gdzie-sie-promowac\/","name":"Gdzie Si\u0119 Promowa\u0107 - ProLancers","isPartOf":{"@id":"https:\/\/prolancers.pl\/#website"},"primaryImageOfPage":{"@id":"https:\/\/prolancers.pl\/index.php\/gdzie-sie-promowac\/#primaryimage"},"image":{"@id":"https:\/\/prolancers.pl\/index.php\/gdzie-sie-promowac\/#primaryimage"},"thumbnailUrl":"http:\/\/prolancers.pl\/wp-content\/uploads\/2025\/01\/Ellipse-1.png","datePublished":"2025-01-29T17:02:17+00:00","dateModified":"2025-02-02T19:05:58+00:00","breadcrumb":{"@id":"https:\/\/prolancers.pl\/index.php\/gdzie-sie-promowac\/#breadcrumb"},"inLanguage":"pl-PL","potentialAction":[{"@type":"ReadAction","target":["https:\/\/prolancers.pl\/index.php\/gdzie-sie-promowac\/"]}]},{"@type":"ImageObject","inLanguage":"pl-PL","@id":"https:\/\/prolancers.pl\/index.php\/gdzie-sie-promowac\/#primaryimage","url":"https:\/\/prolancers.pl\/wp-content\/uploads\/2025\/01\/Ellipse-1.png","contentUrl":"https:\/\/prolancers.pl\/wp-content\/uploads\/2025\/01\/Ellipse-1.png","width":1890,"height":1905},{"@type":"BreadcrumbList","@id":"https:\/\/prolancers.pl\/index.php\/gdzie-sie-promowac\/#breadcrumb","itemListElement":[{"@type":"ListItem","position":1,"name":"Strona g\u0142\u00f3wna","item":"https:\/\/prolancers.pl\/"},{"@type":"ListItem","position":2,"name":"Gdzie Si\u0119 Promowa\u0107"}]},{"@type":"WebSite","@id":"https:\/\/prolancers.pl\/#website","url":"https:\/\/prolancers.pl\/","name":"ProLancers","description":"E-commerce | Marketing","publisher":{"@id":"https:\/\/prolancers.pl\/#organization"},"potentialAction":[{"@type":"SearchAction","target":{"@type":"EntryPoint","urlTemplate":"https:\/\/prolancers.pl\/?s={search_term_string}"},"query-input":{"@type":"PropertyValueSpecification","valueRequired":true,"valueName":"search_term_string"}}],"inLanguage":"pl-PL"},{"@type":"Organization","@id":"https:\/\/prolancers.pl\/#organization","name":"ProLancers","url":"https:\/\/prolancers.pl\/","logo":{"@type":"ImageObject","inLanguage":"pl-PL","@id":"https:\/\/prolancers.pl\/#\/schema\/logo\/image\/","url":"https:\/\/prolancers.pl\/wp-content\/uploads\/2025\/01\/Logo-V.png","contentUrl":"https:\/\/prolancers.pl\/wp-content\/uploads\/2025\/01\/Logo-V.png","width":800,"height":222,"caption":"ProLancers"},"image":{"@id":"https:\/\/prolancers.pl\/#\/schema\/logo\/image\/"}}]}},"_links":{"self":[{"href":"https:\/\/prolancers.pl\/index.php\/wp-json\/wp\/v2\/pages\/467","targetHints":{"allow":["GET"]}}],"collection":[{"href":"https:\/\/prolancers.pl\/index.php\/wp-json\/wp\/v2\/pages"}],"about":[{"href":"https:\/\/prolancers.pl\/index.php\/wp-json\/wp\/v2\/types\/page"}],"author":[{"embeddable":true,"href":"https:\/\/prolancers.pl\/index.php\/wp-json\/wp\/v2\/users\/1"}],"replies":[{"embeddable":true,"href":"https:\/\/prolancers.pl\/index.php\/wp-json\/wp\/v2\/comments?post=467"}],"version-history":[{"count":10,"href":"https:\/\/prolancers.pl\/index.php\/wp-json\/wp\/v2\/pages\/467\/revisions"}],"predecessor-version":[{"id":612,"href":"https:\/\/prolancers.pl\/index.php\/wp-json\/wp\/v2\/pages\/467\/revisions\/612"}],"wp:attachment":[{"href":"https:\/\/prolancers.pl\/index.php\/wp-json\/wp\/v2\/media?parent=467"}],"curies":[{"name":"wp","href":"https:\/\/api.w.org\/{rel}","templated":true}]}}