{"id":462,"date":"2025-01-29T16:51:14","date_gmt":"2025-01-29T16:51:14","guid":{"rendered":"https:\/\/prolancers.pl\/?page_id=462"},"modified":"2025-02-03T00:53:23","modified_gmt":"2025-02-03T00:53:23","slug":"reklama-czy-pozycjonowanie","status":"publish","type":"page","link":"https:\/\/prolancers.pl\/index.php\/reklama-czy-pozycjonowanie\/","title":{"rendered":"Reklama Czy Pozycjonowanie"},"content":{"rendered":"\t\t<div data-elementor-type=\"wp-page\" data-elementor-id=\"462\" class=\"elementor elementor-462\">\n\t\t\t\t\t\t<section class=\"elementor-section elementor-top-section elementor-element elementor-element-6f56534 elementor-reverse-tablet elementor-reverse-mobile elementor-section-boxed elementor-section-height-default elementor-section-height-default\" data-id=\"6f56534\" data-element_type=\"section\" data-e-type=\"section\" id=\"info_section\" data-settings=\"{&quot;background_background&quot;:&quot;gradient&quot;}\">\n\t\t\t\t\t\t\t<div class=\"elementor-background-overlay\"><\/div>\n\t\t\t\t\t\t\t<div class=\"elementor-container elementor-column-gap-no\">\n\t\t\t\t\t<div class=\"elementor-column elementor-col-100 elementor-top-column elementor-element elementor-element-3a0e1b1\" data-id=\"3a0e1b1\" data-element_type=\"column\" data-e-type=\"column\">\n\t\t\t<div class=\"elementor-widget-wrap elementor-element-populated\">\n\t\t\t\t\t\t<div class=\"elementor-element elementor-element-b3543fc elementor-widget elementor-widget-heading\" data-id=\"b3543fc\" data-element_type=\"widget\" data-e-type=\"widget\" data-widget_type=\"heading.default\">\n\t\t\t\t<div class=\"elementor-widget-container\">\n\t\t\t\t\t<h1 class=\"elementor-heading-title elementor-size-default\">Reklama Czy Pozycjonowanie<\/h1>\t\t\t\t<\/div>\n\t\t\t\t<\/div>\n\t\t\t\t<div class=\"elementor-element elementor-element-9cbbf62 elementor-widget elementor-widget-heading\" data-id=\"9cbbf62\" data-element_type=\"widget\" data-e-type=\"widget\" data-widget_type=\"heading.default\">\n\t\t\t\t<div class=\"elementor-widget-container\">\n\t\t\t\t\t<p class=\"elementor-heading-title elementor-size-default\">Na co lepiej przeznaczy\u0107 pieni\u0105dze w celu osi\u0105gni\u0119cia sukcesu finansowego? Rozpoczn\u0119 od swojej tezy, kt\u00f3r\u0105 postaram si\u0119 po kr\u00f3tce uargumentowa\u0107.<\/p>\t\t\t\t<\/div>\n\t\t\t\t<\/div>\n\t\t\t\t<div class=\"elementor-element elementor-element-16dfe67 elementor-tablet-align-center elementor-align-center elementor-widget elementor-widget-button\" data-id=\"16dfe67\" data-element_type=\"widget\" data-e-type=\"widget\" data-widget_type=\"button.default\">\n\t\t\t\t<div class=\"elementor-widget-container\">\n\t\t\t\t\t\t\t\t\t<div class=\"elementor-button-wrapper\">\n\t\t\t\t\t<a class=\"elementor-button elementor-button-link elementor-size-md elementor-animation-shrink\" href=\"https:\/\/prolancers.pl\/\">\n\t\t\t\t\t\t<span class=\"elementor-button-content-wrapper\">\n\t\t\t\t\t\t\t\t\t<span class=\"elementor-button-text\">Strona G\u0142\u00f3wna<\/span>\n\t\t\t\t\t<\/span>\n\t\t\t\t\t<\/a>\n\t\t\t\t<\/div>\n\t\t\t\t\t\t\t\t<\/div>\n\t\t\t\t<\/div>\n\t\t\t\t\t<\/div>\n\t\t<\/div>\n\t\t\t\t\t<\/div>\n\t\t<\/section>\n\t\t\t\t<section class=\"elementor-section elementor-top-section elementor-element elementor-element-42b87fe elementor-section-content-middle elementor-section-boxed elementor-section-height-default elementor-section-height-default\" data-id=\"42b87fe\" data-element_type=\"section\" data-e-type=\"section\">\n\t\t\t\t\t\t<div class=\"elementor-container elementor-column-gap-no\">\n\t\t\t\t\t<div class=\"elementor-column elementor-col-100 elementor-top-column elementor-element elementor-element-6a8ad54\" data-id=\"6a8ad54\" data-element_type=\"column\" data-e-type=\"column\">\n\t\t\t<div class=\"elementor-widget-wrap elementor-element-populated\">\n\t\t\t\t\t\t<div class=\"elementor-element elementor-element-cc3d5d3 elementor-widget elementor-widget-heading\" data-id=\"cc3d5d3\" data-element_type=\"widget\" data-e-type=\"widget\" data-widget_type=\"heading.default\">\n\t\t\t\t<div class=\"elementor-widget-container\">\n\t\t\t\t\t<h2 class=\"elementor-heading-title elementor-size-default\">Odpowied\u017a: reklama<\/h2>\t\t\t\t<\/div>\n\t\t\t\t<\/div>\n\t\t\t\t<div class=\"elementor-element elementor-element-9cf75b0 elementor-widget elementor-widget-text-editor\" data-id=\"9cf75b0\" data-element_type=\"widget\" data-e-type=\"widget\" data-widget_type=\"text-editor.default\">\n\t\t\t\t<div class=\"elementor-widget-container\">\n\t\t\t\t\t\t\t\t\t<p class=\"MsoNormal\" style=\"text-indent: 35.4pt;\">Dobre czasy, naturalnego pozycjonowania si\u0119 niestety ju\u017c dawno min\u0119\u0142y. \u017beby dok\u0142adnie zrozumie\u0107 czemu do tego dosz\u0142o warto uzmys\u0142owi\u0107 sobie, \u017ce Google jest korporacj\u0105, kt\u00f3rej celem jest zarabianie pieni\u0119dzy, a nie organizacj\u0105 charytatywn\u0105. Pocz\u0105tkowo, gdy Google pr\u00f3bowa\u0142o pozyska\u0107 jak najwi\u0119ksz\u0105 cz\u0119\u015b\u0107 rynku, logicznym by\u0142o zaoferowanie przedsi\u0119biorstwom mo\u017cliwo\u015bci pozyskania du\u017cego ruchu, bez konieczno\u015bci wydawania przy tym pieni\u0119dzy. Wraz z momentem zdobywania coraz szerszej cz\u0119\u015bci rynku, Google mog\u0142o stopniowo coraz intensywniej monetyzowa\u0107 swoje us\u0142ugi.\u00a0<\/p>\t\t\t\t\t\t\t\t<\/div>\n\t\t\t\t<\/div>\n\t\t\t\t<div class=\"elementor-element elementor-element-2a2bcc9 elementor-widget elementor-widget-text-editor\" data-id=\"2a2bcc9\" data-element_type=\"widget\" data-e-type=\"widget\" data-widget_type=\"text-editor.default\">\n\t\t\t\t<div class=\"elementor-widget-container\">\n\t\t\t\t\t\t\t\t\t<p class=\"MsoNormal\" style=\"text-indent: 35.4pt;\">Oczywi\u015bcie wci\u0105\u017c mo\u017cna pozyskiwa\u0107 cz\u0119\u015b\u0107 ruchu dzi\u0119ki wysokiej pozycji w wyszukiwarce, ale niejednokrotnie koszty takiego wypromowania firmy \u2013 szczeg\u00f3lnie na najbardziej popularnych fraz wielokrotnie przewy\u017cszaj\u0105 potencjalne korzy\u015bci. Tutaj warto zaznaczy\u0107, i\u017c obecnie bardzo istotnym elementem w budowaniu pozycji strony w wyszukiwarce s\u0105 linki wiod\u0105cej do \u201epozycjonowanej\u201d strony, z innych stron o wy\u017cszym rankingu. W ten spos\u00f3b dzia\u0142aj\u0105 firmy oferuj\u0105ce pozycjonowanie, kt\u00f3re w momencie zako\u0144czenia wsp\u00f3\u0142pracy usuwaj\u0105 wstawione linki \u2013 przez co strona spada na swoje poprzednie miejsce. Warto zaznaczy\u0107, \u017ce w przypadku tego typu promowania strony efekty przychodz\u0105 po wielu miesi\u0105cach, s\u0105 nietrwa\u0142e (ze wzgl\u0119du na wcze\u015bniej opisany przypadek), a dodatkowo daj\u0105 niewielkie szanse na wy\u015bwietlenie si\u0119 na samej g\u00f3rze wynik\u00f3w.<\/p>\t\t\t\t\t\t\t\t<\/div>\n\t\t\t\t<\/div>\n\t\t\t\t<div class=\"elementor-element elementor-element-dbba2a2 elementor-widget elementor-widget-text-editor\" data-id=\"dbba2a2\" data-element_type=\"widget\" data-e-type=\"widget\" data-widget_type=\"text-editor.default\">\n\t\t\t\t<div class=\"elementor-widget-container\">\n\t\t\t\t\t\t\t\t\t<p class=\"MsoNormal\" style=\"text-indent: 35.4pt;\">Reklama w Google\u2019ach pozwala na szybkie uzyskanie wynik\u00f3w, kt\u00f3re mo\u017cna bezpo\u015brednio zmierzy\u0107. W razie potrzeby mo\u017cna szybko zmieni\u0107 priorytety i zacz\u0105\u0107 promowa\u0107 zupe\u0142nie inny produkt, na kt\u00f3rym nam w danym momencie zale\u017cy. W tym przypadku ruch pozyskujemy praktycznie od razu, nie ma potrzeby inwestowania przez wiele miesi\u0119cy, b\u0105d\u017a lat, aby osi\u0105gn\u0105\u0107 efekt. Dobrze ustawiona kampania reklamowa pozwala firmie w kr\u00f3tkim czasie uzyska\u0107 doch\u00f3d, kt\u00f3ry z kolei mo\u017cna zainwestowa\u0107 w rozw\u00f3j firmy.<\/p>\t\t\t\t\t\t\t\t<\/div>\n\t\t\t\t<\/div>\n\t\t\t\t\t<\/div>\n\t\t<\/div>\n\t\t\t\t\t<\/div>\n\t\t<\/section>\n\t\t\t\t<section class=\"elementor-section elementor-top-section elementor-element elementor-element-5d0858e elementor-section-boxed elementor-section-height-default elementor-section-height-default\" data-id=\"5d0858e\" data-element_type=\"section\" data-e-type=\"section\" data-settings=\"{&quot;background_background&quot;:&quot;classic&quot;}\">\n\t\t\t\t\t\t\t<div class=\"elementor-background-overlay\"><\/div>\n\t\t\t\t\t\t\t<div class=\"elementor-container elementor-column-gap-no\">\n\t\t\t\t\t<div class=\"elementor-column elementor-col-100 elementor-top-column elementor-element elementor-element-f7127fd\" data-id=\"f7127fd\" data-element_type=\"column\" data-e-type=\"column\" data-settings=\"{&quot;background_background&quot;:&quot;classic&quot;}\">\n\t\t\t<div class=\"elementor-widget-wrap elementor-element-populated\">\n\t\t\t\t\t<div class=\"elementor-background-overlay\"><\/div>\n\t\t\t\t\t\t<div class=\"elementor-element elementor-element-570c324 elementor-widget__width-auto elementor-absolute elementor-widget elementor-widget-image\" data-id=\"570c324\" data-element_type=\"widget\" data-e-type=\"widget\" data-settings=\"{&quot;_position&quot;:&quot;absolute&quot;}\" data-widget_type=\"image.default\">\n\t\t\t\t<div class=\"elementor-widget-container\">\n\t\t\t\t\t\t\t\t\t\t\t\t\t\t\t<img fetchpriority=\"high\" decoding=\"async\" width=\"1890\" height=\"1905\" src=\"https:\/\/prolancers.pl\/wp-content\/uploads\/2025\/01\/Ellipse-1.png\" class=\"attachment-full size-full wp-image-82\" alt=\"\" srcset=\"https:\/\/prolancers.pl\/wp-content\/uploads\/2025\/01\/Ellipse-1.png 1890w, https:\/\/prolancers.pl\/wp-content\/uploads\/2025\/01\/Ellipse-1-298x300.png 298w, https:\/\/prolancers.pl\/wp-content\/uploads\/2025\/01\/Ellipse-1-1016x1024.png 1016w, https:\/\/prolancers.pl\/wp-content\/uploads\/2025\/01\/Ellipse-1-150x150.png 150w, https:\/\/prolancers.pl\/wp-content\/uploads\/2025\/01\/Ellipse-1-768x774.png 768w, https:\/\/prolancers.pl\/wp-content\/uploads\/2025\/01\/Ellipse-1-1524x1536.png 1524w, https:\/\/prolancers.pl\/wp-content\/uploads\/2025\/01\/Ellipse-1-100x100.png 100w\" sizes=\"(max-width: 1890px) 100vw, 1890px\" \/>\t\t\t\t\t\t\t\t\t\t\t\t\t\t\t<\/div>\n\t\t\t\t<\/div>\n\t\t\t\t<div class=\"elementor-element elementor-element-74b0ff2 elementor-widget__width-auto elementor-absolute elementor-widget elementor-widget-image\" data-id=\"74b0ff2\" data-element_type=\"widget\" data-e-type=\"widget\" data-settings=\"{&quot;_position&quot;:&quot;absolute&quot;}\" data-widget_type=\"image.default\">\n\t\t\t\t<div class=\"elementor-widget-container\">\n\t\t\t\t\t\t\t\t\t\t\t\t\t\t\t<img fetchpriority=\"high\" decoding=\"async\" width=\"1890\" height=\"1905\" src=\"https:\/\/prolancers.pl\/wp-content\/uploads\/2025\/01\/Ellipse-1.png\" class=\"attachment-full size-full wp-image-82\" alt=\"\" srcset=\"https:\/\/prolancers.pl\/wp-content\/uploads\/2025\/01\/Ellipse-1.png 1890w, https:\/\/prolancers.pl\/wp-content\/uploads\/2025\/01\/Ellipse-1-298x300.png 298w, https:\/\/prolancers.pl\/wp-content\/uploads\/2025\/01\/Ellipse-1-1016x1024.png 1016w, https:\/\/prolancers.pl\/wp-content\/uploads\/2025\/01\/Ellipse-1-150x150.png 150w, https:\/\/prolancers.pl\/wp-content\/uploads\/2025\/01\/Ellipse-1-768x774.png 768w, https:\/\/prolancers.pl\/wp-content\/uploads\/2025\/01\/Ellipse-1-1524x1536.png 1524w, https:\/\/prolancers.pl\/wp-content\/uploads\/2025\/01\/Ellipse-1-100x100.png 100w\" sizes=\"(max-width: 1890px) 100vw, 1890px\" \/>\t\t\t\t\t\t\t\t\t\t\t\t\t\t\t<\/div>\n\t\t\t\t<\/div>\n\t\t\t\t\t<\/div>\n\t\t<\/div>\n\t\t\t\t\t<\/div>\n\t\t<\/section>\n\t\t\t\t<section class=\"elementor-section elementor-top-section elementor-element elementor-element-3af64a9 elementor-section-boxed elementor-section-height-default elementor-section-height-default\" data-id=\"3af64a9\" data-element_type=\"section\" data-e-type=\"section\" data-settings=\"{&quot;background_background&quot;:&quot;classic&quot;}\">\n\t\t\t\t\t\t\t<div class=\"elementor-background-overlay\"><\/div>\n\t\t\t\t\t\t\t<div class=\"elementor-container elementor-column-gap-no\">\n\t\t\t\t\t<div class=\"elementor-column elementor-col-100 elementor-top-column elementor-element elementor-element-ab142fb\" data-id=\"ab142fb\" data-element_type=\"column\" data-e-type=\"column\">\n\t\t\t<div class=\"elementor-widget-wrap\">\n\t\t\t\t\t\t\t<\/div>\n\t\t<\/div>\n\t\t\t\t\t<\/div>\n\t\t<\/section>\n\t\t\t\t<\/div>\n\t\t","protected":false},"excerpt":{"rendered":"<p>Reklama Czy Pozycjonowanie Na co lepiej przeznaczy\u0107 pieni\u0105dze w celu osi\u0105gni\u0119cia sukcesu finansowego? Rozpoczn\u0119 od swojej tezy, kt\u00f3r\u0105 postaram si\u0119 po kr\u00f3tce uargumentowa\u0107. Strona G\u0142\u00f3wna Odpowied\u017a: reklama Dobre czasy, naturalnego pozycjonowania si\u0119 niestety ju\u017c dawno min\u0119\u0142y. \u017beby dok\u0142adnie zrozumie\u0107 czemu do tego dosz\u0142o warto uzmys\u0142owi\u0107 sobie, \u017ce Google jest korporacj\u0105, kt\u00f3rej celem jest zarabianie pieni\u0119dzy, [&hellip;]<\/p>\n","protected":false},"author":1,"featured_media":0,"parent":0,"menu_order":0,"comment_status":"closed","ping_status":"closed","template":"elementor_header_footer","meta":{"_eb_attr":"","footnotes":""},"class_list":["post-462","page","type-page","status-publish","hentry"],"yoast_head":"<!-- This site is optimized with the Yoast SEO plugin v27.3 - https:\/\/yoast.com\/product\/yoast-seo-wordpress\/ -->\n<title>Reklama Czy Pozycjonowanie - ProLancers<\/title>\n<meta name=\"robots\" content=\"index, follow, max-snippet:-1, max-image-preview:large, max-video-preview:-1\" \/>\n<link rel=\"canonical\" href=\"https:\/\/prolancers.pl\/index.php\/reklama-czy-pozycjonowanie\/\" \/>\n<meta property=\"og:locale\" content=\"pl_PL\" \/>\n<meta property=\"og:type\" content=\"article\" \/>\n<meta property=\"og:title\" content=\"Reklama Czy Pozycjonowanie - ProLancers\" \/>\n<meta property=\"og:description\" content=\"Reklama Czy Pozycjonowanie Na co lepiej przeznaczy\u0107 pieni\u0105dze w celu osi\u0105gni\u0119cia sukcesu finansowego? Rozpoczn\u0119 od swojej tezy, kt\u00f3r\u0105 postaram si\u0119 po kr\u00f3tce uargumentowa\u0107. Strona G\u0142\u00f3wna Odpowied\u017a: reklama Dobre czasy, naturalnego pozycjonowania si\u0119 niestety ju\u017c dawno min\u0119\u0142y. \u017beby dok\u0142adnie zrozumie\u0107 czemu do tego dosz\u0142o warto uzmys\u0142owi\u0107 sobie, \u017ce Google jest korporacj\u0105, kt\u00f3rej celem jest zarabianie pieni\u0119dzy, [&hellip;]\" \/>\n<meta property=\"og:url\" content=\"https:\/\/prolancers.pl\/index.php\/reklama-czy-pozycjonowanie\/\" \/>\n<meta property=\"og:site_name\" content=\"ProLancers\" \/>\n<meta property=\"article:modified_time\" content=\"2025-02-03T00:53:23+00:00\" \/>\n<meta property=\"og:image\" content=\"http:\/\/prolancers.pl\/wp-content\/uploads\/2025\/01\/Ellipse-1.png\" \/>\n<meta name=\"twitter:card\" content=\"summary_large_image\" \/>\n<meta name=\"twitter:label1\" content=\"Szacowany czas czytania\" \/>\n\t<meta name=\"twitter:data1\" content=\"3 minuty\" \/>\n<script type=\"application\/ld+json\" class=\"yoast-schema-graph\">{\"@context\":\"https:\\\/\\\/schema.org\",\"@graph\":[{\"@type\":\"WebPage\",\"@id\":\"https:\\\/\\\/prolancers.pl\\\/index.php\\\/reklama-czy-pozycjonowanie\\\/\",\"url\":\"https:\\\/\\\/prolancers.pl\\\/index.php\\\/reklama-czy-pozycjonowanie\\\/\",\"name\":\"Reklama Czy Pozycjonowanie - ProLancers\",\"isPartOf\":{\"@id\":\"https:\\\/\\\/prolancers.pl\\\/#website\"},\"primaryImageOfPage\":{\"@id\":\"https:\\\/\\\/prolancers.pl\\\/index.php\\\/reklama-czy-pozycjonowanie\\\/#primaryimage\"},\"image\":{\"@id\":\"https:\\\/\\\/prolancers.pl\\\/index.php\\\/reklama-czy-pozycjonowanie\\\/#primaryimage\"},\"thumbnailUrl\":\"http:\\\/\\\/prolancers.pl\\\/wp-content\\\/uploads\\\/2025\\\/01\\\/Ellipse-1.png\",\"datePublished\":\"2025-01-29T16:51:14+00:00\",\"dateModified\":\"2025-02-03T00:53:23+00:00\",\"breadcrumb\":{\"@id\":\"https:\\\/\\\/prolancers.pl\\\/index.php\\\/reklama-czy-pozycjonowanie\\\/#breadcrumb\"},\"inLanguage\":\"pl-PL\",\"potentialAction\":[{\"@type\":\"ReadAction\",\"target\":[\"https:\\\/\\\/prolancers.pl\\\/index.php\\\/reklama-czy-pozycjonowanie\\\/\"]}]},{\"@type\":\"ImageObject\",\"inLanguage\":\"pl-PL\",\"@id\":\"https:\\\/\\\/prolancers.pl\\\/index.php\\\/reklama-czy-pozycjonowanie\\\/#primaryimage\",\"url\":\"https:\\\/\\\/prolancers.pl\\\/wp-content\\\/uploads\\\/2025\\\/01\\\/Ellipse-1.png\",\"contentUrl\":\"https:\\\/\\\/prolancers.pl\\\/wp-content\\\/uploads\\\/2025\\\/01\\\/Ellipse-1.png\",\"width\":1890,\"height\":1905},{\"@type\":\"BreadcrumbList\",\"@id\":\"https:\\\/\\\/prolancers.pl\\\/index.php\\\/reklama-czy-pozycjonowanie\\\/#breadcrumb\",\"itemListElement\":[{\"@type\":\"ListItem\",\"position\":1,\"name\":\"Strona g\u0142\u00f3wna\",\"item\":\"https:\\\/\\\/prolancers.pl\\\/\"},{\"@type\":\"ListItem\",\"position\":2,\"name\":\"Reklama Czy Pozycjonowanie\"}]},{\"@type\":\"WebSite\",\"@id\":\"https:\\\/\\\/prolancers.pl\\\/#website\",\"url\":\"https:\\\/\\\/prolancers.pl\\\/\",\"name\":\"ProLancers\",\"description\":\"E-commerce | Marketing\",\"publisher\":{\"@id\":\"https:\\\/\\\/prolancers.pl\\\/#organization\"},\"potentialAction\":[{\"@type\":\"SearchAction\",\"target\":{\"@type\":\"EntryPoint\",\"urlTemplate\":\"https:\\\/\\\/prolancers.pl\\\/?s={search_term_string}\"},\"query-input\":{\"@type\":\"PropertyValueSpecification\",\"valueRequired\":true,\"valueName\":\"search_term_string\"}}],\"inLanguage\":\"pl-PL\"},{\"@type\":\"Organization\",\"@id\":\"https:\\\/\\\/prolancers.pl\\\/#organization\",\"name\":\"ProLancers\",\"url\":\"https:\\\/\\\/prolancers.pl\\\/\",\"logo\":{\"@type\":\"ImageObject\",\"inLanguage\":\"pl-PL\",\"@id\":\"https:\\\/\\\/prolancers.pl\\\/#\\\/schema\\\/logo\\\/image\\\/\",\"url\":\"https:\\\/\\\/prolancers.pl\\\/wp-content\\\/uploads\\\/2025\\\/01\\\/Logo-V.png\",\"contentUrl\":\"https:\\\/\\\/prolancers.pl\\\/wp-content\\\/uploads\\\/2025\\\/01\\\/Logo-V.png\",\"width\":800,\"height\":222,\"caption\":\"ProLancers\"},\"image\":{\"@id\":\"https:\\\/\\\/prolancers.pl\\\/#\\\/schema\\\/logo\\\/image\\\/\"}}]}<\/script>\n<!-- \/ Yoast SEO plugin. -->","yoast_head_json":{"title":"Reklama Czy Pozycjonowanie - ProLancers","robots":{"index":"index","follow":"follow","max-snippet":"max-snippet:-1","max-image-preview":"max-image-preview:large","max-video-preview":"max-video-preview:-1"},"canonical":"https:\/\/prolancers.pl\/index.php\/reklama-czy-pozycjonowanie\/","og_locale":"pl_PL","og_type":"article","og_title":"Reklama Czy Pozycjonowanie - ProLancers","og_description":"Reklama Czy Pozycjonowanie Na co lepiej przeznaczy\u0107 pieni\u0105dze w celu osi\u0105gni\u0119cia sukcesu finansowego? Rozpoczn\u0119 od swojej tezy, kt\u00f3r\u0105 postaram si\u0119 po kr\u00f3tce uargumentowa\u0107. Strona G\u0142\u00f3wna Odpowied\u017a: reklama Dobre czasy, naturalnego pozycjonowania si\u0119 niestety ju\u017c dawno min\u0119\u0142y. \u017beby dok\u0142adnie zrozumie\u0107 czemu do tego dosz\u0142o warto uzmys\u0142owi\u0107 sobie, \u017ce Google jest korporacj\u0105, kt\u00f3rej celem jest zarabianie pieni\u0119dzy, [&hellip;]","og_url":"https:\/\/prolancers.pl\/index.php\/reklama-czy-pozycjonowanie\/","og_site_name":"ProLancers","article_modified_time":"2025-02-03T00:53:23+00:00","og_image":[{"url":"http:\/\/prolancers.pl\/wp-content\/uploads\/2025\/01\/Ellipse-1.png","type":"","width":"","height":""}],"twitter_card":"summary_large_image","twitter_misc":{"Szacowany czas czytania":"3 minuty"},"schema":{"@context":"https:\/\/schema.org","@graph":[{"@type":"WebPage","@id":"https:\/\/prolancers.pl\/index.php\/reklama-czy-pozycjonowanie\/","url":"https:\/\/prolancers.pl\/index.php\/reklama-czy-pozycjonowanie\/","name":"Reklama Czy Pozycjonowanie - ProLancers","isPartOf":{"@id":"https:\/\/prolancers.pl\/#website"},"primaryImageOfPage":{"@id":"https:\/\/prolancers.pl\/index.php\/reklama-czy-pozycjonowanie\/#primaryimage"},"image":{"@id":"https:\/\/prolancers.pl\/index.php\/reklama-czy-pozycjonowanie\/#primaryimage"},"thumbnailUrl":"http:\/\/prolancers.pl\/wp-content\/uploads\/2025\/01\/Ellipse-1.png","datePublished":"2025-01-29T16:51:14+00:00","dateModified":"2025-02-03T00:53:23+00:00","breadcrumb":{"@id":"https:\/\/prolancers.pl\/index.php\/reklama-czy-pozycjonowanie\/#breadcrumb"},"inLanguage":"pl-PL","potentialAction":[{"@type":"ReadAction","target":["https:\/\/prolancers.pl\/index.php\/reklama-czy-pozycjonowanie\/"]}]},{"@type":"ImageObject","inLanguage":"pl-PL","@id":"https:\/\/prolancers.pl\/index.php\/reklama-czy-pozycjonowanie\/#primaryimage","url":"https:\/\/prolancers.pl\/wp-content\/uploads\/2025\/01\/Ellipse-1.png","contentUrl":"https:\/\/prolancers.pl\/wp-content\/uploads\/2025\/01\/Ellipse-1.png","width":1890,"height":1905},{"@type":"BreadcrumbList","@id":"https:\/\/prolancers.pl\/index.php\/reklama-czy-pozycjonowanie\/#breadcrumb","itemListElement":[{"@type":"ListItem","position":1,"name":"Strona g\u0142\u00f3wna","item":"https:\/\/prolancers.pl\/"},{"@type":"ListItem","position":2,"name":"Reklama Czy Pozycjonowanie"}]},{"@type":"WebSite","@id":"https:\/\/prolancers.pl\/#website","url":"https:\/\/prolancers.pl\/","name":"ProLancers","description":"E-commerce | Marketing","publisher":{"@id":"https:\/\/prolancers.pl\/#organization"},"potentialAction":[{"@type":"SearchAction","target":{"@type":"EntryPoint","urlTemplate":"https:\/\/prolancers.pl\/?s={search_term_string}"},"query-input":{"@type":"PropertyValueSpecification","valueRequired":true,"valueName":"search_term_string"}}],"inLanguage":"pl-PL"},{"@type":"Organization","@id":"https:\/\/prolancers.pl\/#organization","name":"ProLancers","url":"https:\/\/prolancers.pl\/","logo":{"@type":"ImageObject","inLanguage":"pl-PL","@id":"https:\/\/prolancers.pl\/#\/schema\/logo\/image\/","url":"https:\/\/prolancers.pl\/wp-content\/uploads\/2025\/01\/Logo-V.png","contentUrl":"https:\/\/prolancers.pl\/wp-content\/uploads\/2025\/01\/Logo-V.png","width":800,"height":222,"caption":"ProLancers"},"image":{"@id":"https:\/\/prolancers.pl\/#\/schema\/logo\/image\/"}}]}},"_links":{"self":[{"href":"https:\/\/prolancers.pl\/index.php\/wp-json\/wp\/v2\/pages\/462","targetHints":{"allow":["GET"]}}],"collection":[{"href":"https:\/\/prolancers.pl\/index.php\/wp-json\/wp\/v2\/pages"}],"about":[{"href":"https:\/\/prolancers.pl\/index.php\/wp-json\/wp\/v2\/types\/page"}],"author":[{"embeddable":true,"href":"https:\/\/prolancers.pl\/index.php\/wp-json\/wp\/v2\/users\/1"}],"replies":[{"embeddable":true,"href":"https:\/\/prolancers.pl\/index.php\/wp-json\/wp\/v2\/comments?post=462"}],"version-history":[{"count":10,"href":"https:\/\/prolancers.pl\/index.php\/wp-json\/wp\/v2\/pages\/462\/revisions"}],"predecessor-version":[{"id":618,"href":"https:\/\/prolancers.pl\/index.php\/wp-json\/wp\/v2\/pages\/462\/revisions\/618"}],"wp:attachment":[{"href":"https:\/\/prolancers.pl\/index.php\/wp-json\/wp\/v2\/media?parent=462"}],"curies":[{"name":"wp","href":"https:\/\/api.w.org\/{rel}","templated":true}]}}