{"id":456,"date":"2025-01-29T16:45:39","date_gmt":"2025-01-29T16:45:39","guid":{"rendered":"https:\/\/prolancers.pl\/?page_id=456"},"modified":"2025-02-02T19:06:13","modified_gmt":"2025-02-02T19:06:13","slug":"freelancer-czy-agencja","status":"publish","type":"page","link":"https:\/\/prolancers.pl\/index.php\/freelancer-czy-agencja\/","title":{"rendered":"Freelancer Czy Agencja"},"content":{"rendered":"\t\t<div data-elementor-type=\"wp-page\" data-elementor-id=\"456\" class=\"elementor elementor-456\">\n\t\t\t\t\t\t<section class=\"elementor-section elementor-top-section elementor-element elementor-element-6f56534 elementor-reverse-tablet elementor-reverse-mobile elementor-section-boxed elementor-section-height-default elementor-section-height-default\" data-id=\"6f56534\" data-element_type=\"section\" data-e-type=\"section\" id=\"info_section\" data-settings=\"{&quot;background_background&quot;:&quot;gradient&quot;}\">\n\t\t\t\t\t\t\t<div class=\"elementor-background-overlay\"><\/div>\n\t\t\t\t\t\t\t<div class=\"elementor-container elementor-column-gap-no\">\n\t\t\t\t\t<div class=\"elementor-column elementor-col-100 elementor-top-column elementor-element elementor-element-3a0e1b1\" data-id=\"3a0e1b1\" data-element_type=\"column\" data-e-type=\"column\">\n\t\t\t<div class=\"elementor-widget-wrap elementor-element-populated\">\n\t\t\t\t\t\t<div class=\"elementor-element elementor-element-b3543fc elementor-widget elementor-widget-heading\" data-id=\"b3543fc\" data-element_type=\"widget\" data-e-type=\"widget\" data-widget_type=\"heading.default\">\n\t\t\t\t<div class=\"elementor-widget-container\">\n\t\t\t\t\t<h1 class=\"elementor-heading-title elementor-size-default\">Freelancer Czy Agencja?<\/h1>\t\t\t\t<\/div>\n\t\t\t\t<\/div>\n\t\t\t\t<div class=\"elementor-element elementor-element-9cbbf62 elementor-widget elementor-widget-heading\" data-id=\"9cbbf62\" data-element_type=\"widget\" data-e-type=\"widget\" data-widget_type=\"heading.default\">\n\t\t\t\t<div class=\"elementor-widget-container\">\n\t\t\t\t\t<p class=\"elementor-heading-title elementor-size-default\">Rozpoczn\u0119 od swojej tezy, kt\u00f3r\u0105 postaram si\u0119 po kr\u00f3tce uargumentowa\u0107.<\/p>\t\t\t\t<\/div>\n\t\t\t\t<\/div>\n\t\t\t\t<div class=\"elementor-element elementor-element-16dfe67 elementor-tablet-align-center elementor-align-center elementor-widget elementor-widget-button\" data-id=\"16dfe67\" data-element_type=\"widget\" data-e-type=\"widget\" data-widget_type=\"button.default\">\n\t\t\t\t<div class=\"elementor-widget-container\">\n\t\t\t\t\t\t\t\t\t<div class=\"elementor-button-wrapper\">\n\t\t\t\t\t<a class=\"elementor-button elementor-button-link elementor-size-md elementor-animation-shrink\" href=\"https:\/\/prolancers.pl\/\">\n\t\t\t\t\t\t<span class=\"elementor-button-content-wrapper\">\n\t\t\t\t\t\t\t\t\t<span class=\"elementor-button-text\">Strona G\u0142\u00f3wna<\/span>\n\t\t\t\t\t<\/span>\n\t\t\t\t\t<\/a>\n\t\t\t\t<\/div>\n\t\t\t\t\t\t\t\t<\/div>\n\t\t\t\t<\/div>\n\t\t\t\t\t<\/div>\n\t\t<\/div>\n\t\t\t\t\t<\/div>\n\t\t<\/section>\n\t\t\t\t<section class=\"elementor-section elementor-top-section elementor-element elementor-element-42b87fe elementor-section-content-middle elementor-section-boxed elementor-section-height-default elementor-section-height-default\" data-id=\"42b87fe\" data-element_type=\"section\" data-e-type=\"section\">\n\t\t\t\t\t\t<div class=\"elementor-container elementor-column-gap-no\">\n\t\t\t\t\t<div class=\"elementor-column elementor-col-100 elementor-top-column elementor-element elementor-element-6a8ad54\" data-id=\"6a8ad54\" data-element_type=\"column\" data-e-type=\"column\">\n\t\t\t<div class=\"elementor-widget-wrap elementor-element-populated\">\n\t\t\t\t\t\t<div class=\"elementor-element elementor-element-cc3d5d3 elementor-widget elementor-widget-heading\" data-id=\"cc3d5d3\" data-element_type=\"widget\" data-e-type=\"widget\" data-widget_type=\"heading.default\">\n\t\t\t\t<div class=\"elementor-widget-container\">\n\t\t\t\t\t<h2 class=\"elementor-heading-title elementor-size-default\">Odpowied\u017a: freelancer<\/h2>\t\t\t\t<\/div>\n\t\t\t\t<\/div>\n\t\t\t\t<div class=\"elementor-element elementor-element-2a2bcc9 elementor-widget elementor-widget-text-editor\" data-id=\"2a2bcc9\" data-element_type=\"widget\" data-e-type=\"widget\" data-widget_type=\"text-editor.default\">\n\t\t\t\t<div class=\"elementor-widget-container\">\n\t\t\t\t\t\t\t\t\t<p class=\"MsoNormal\" style=\"text-indent: 35.4pt;\">Aby zrozumie\u0107 dlaczego lepiej skorzysta\u0107 z us\u0142ug freelancera wystarczy chwil\u0119 si\u0119 zastanowi\u0107 nad perspektywami obu us\u0142ugodawc\u00f3w z punktu biznesowego. Zapewne wi\u0119kszo\u015b\u0107 ludzi zdaje sobie spraw\u0119 z podej\u015bcia du\u017cych us\u0142ugodawc\u00f3w na rynku \u2013 kt\u00f3rzy wk\u0142adaj\u0105 du\u017co wysi\u0142ku w pozyskanie nowych klient\u00f3w, za\u015b nie przyk\u0142adaj\u0105 wi\u0119kszej uwagi klientom, kt\u00f3rzy ju\u017c korzystaj\u0105 z ich us\u0142ug. Trend ten bardzo \u0142atwo zauwa\u017cy\u0107 w przypadku operator\u00f3w kom\u00f3rkowych \u2013 podobnie to dzia\u0142a w przypadku agencji.<\/p>\t\t\t\t\t\t\t\t<\/div>\n\t\t\t\t<\/div>\n\t\t\t\t<div class=\"elementor-element elementor-element-9cf75b0 elementor-widget elementor-widget-text-editor\" data-id=\"9cf75b0\" data-element_type=\"widget\" data-e-type=\"widget\" data-widget_type=\"text-editor.default\">\n\t\t\t\t<div class=\"elementor-widget-container\">\n\t\t\t\t\t\t\t\t\t<p class=\"MsoNormal\" style=\"text-indent:35.4pt\">Z mojego do\u015bwiadczenia i\nobserwacji jasno wynika, \u017ce agencje skupiaj\u0105 si\u0119 g\u0142\u00f3wnie na pozyskiwaniu\nklient\u00f3w, o czym \u015bwiadczy\u0107 mog\u0105 chocia\u017cby ogromnie rozbudowane callcenter,\ngdzie na kilkudziesi\u0119ciu handlowc\u00f3w przypada jeden specjalista ds. Kampanii\nreklamowych. Osobi\u015bcie zdarzy\u0142o mi si\u0119 aplikowa\u0107 na tego typu stanowisko, gdzie\nw trakcie rozmowy o prac\u0119 dowiedzia\u0142em si\u0119, \u017ce mia\u0142bym prowadzi\u0107 kampanie dla 80-120\nfirm jednocze\u015bnie. Podejrzewam, \u017ce g\u00f3rne wide\u0142ki w przypadku wielu agencji mog\u0105\nby\u0107 jeszcze wi\u0119ksze. Oczywi\u015bcie z perspektywy agencji dzia\u0142anie skupione na\npozyskiwaniu klient\u00f3w jest korzystne, bo nawet gdy statystycznie odejdzie jeden\nklient, to znajd\u0105 trzech kolejnych na jego miejsce. Dodatkowo w przypadku firm,\nkt\u00f3re wcze\u015bniej nie mia\u0142y w og\u00f3le prowadzonych dzia\u0142a\u0144 reklamowych \u2013 nawet\n\u015brednio ustawiona kampania mo\u017ce przynosi\u0107 zadowalaj\u0105ce rezultaty.<o:p><\/o:p><\/p>\t\t\t\t\t\t\t\t<\/div>\n\t\t\t\t<\/div>\n\t\t\t\t<div class=\"elementor-element elementor-element-dbba2a2 elementor-widget elementor-widget-text-editor\" data-id=\"dbba2a2\" data-element_type=\"widget\" data-e-type=\"widget\" data-widget_type=\"text-editor.default\">\n\t\t\t\t<div class=\"elementor-widget-container\">\n\t\t\t\t\t\t\t\t\t<p class=\"MsoNormal\" style=\"text-indent: 35.4pt;\">Po drugiej stronie stoi freelancer, kt\u00f3ry ze wzgl\u0119du na samodzielne prowadzenie dzia\u0142alno\u015bci woli skupi\u0107 si\u0119 na zachowaniu klient\u00f3w i ich satysfakcji, ni\u017c pozyskiwaniu kolejnych. Ograniczone zasoby i moce przerobowe sprawiaj\u0105, \u017ce freelancer osobi\u015bcie nawi\u0105zuje kontakty z firmami i nie przyjmie wi\u0119kszej ilo\u015bci zlece\u0144, ni\u017c b\u0119dzie w stanie obs\u0142u\u017cy\u0107. Oczywi\u015bcie do\u015bwiadczenie i umiej\u0119tno\u015bci ka\u017cdego freelancera b\u0119d\u0105 na r\u00f3\u017cnym poziomie, dlatego warto wybra\u0107 osob\u0119, kt\u00f3ra b\u0119dzie mia\u0142a d\u0142ugie do\u015bwiadczenie i b\u0119dzie rozumia\u0142a zasady dzia\u0142ania biznesu.<\/p>\t\t\t\t\t\t\t\t<\/div>\n\t\t\t\t<\/div>\n\t\t\t\t\t<\/div>\n\t\t<\/div>\n\t\t\t\t\t<\/div>\n\t\t<\/section>\n\t\t\t\t<section class=\"elementor-section elementor-top-section elementor-element elementor-element-5d0858e elementor-section-boxed elementor-section-height-default elementor-section-height-default\" data-id=\"5d0858e\" data-element_type=\"section\" data-e-type=\"section\" data-settings=\"{&quot;background_background&quot;:&quot;classic&quot;}\">\n\t\t\t\t\t\t\t<div class=\"elementor-background-overlay\"><\/div>\n\t\t\t\t\t\t\t<div class=\"elementor-container elementor-column-gap-no\">\n\t\t\t\t\t<div class=\"elementor-column elementor-col-100 elementor-top-column elementor-element elementor-element-f7127fd\" data-id=\"f7127fd\" data-element_type=\"column\" data-e-type=\"column\" data-settings=\"{&quot;background_background&quot;:&quot;classic&quot;}\">\n\t\t\t<div class=\"elementor-widget-wrap elementor-element-populated\">\n\t\t\t\t\t<div class=\"elementor-background-overlay\"><\/div>\n\t\t\t\t\t\t<div class=\"elementor-element elementor-element-570c324 elementor-widget__width-auto elementor-absolute elementor-widget elementor-widget-image\" data-id=\"570c324\" data-element_type=\"widget\" data-e-type=\"widget\" data-settings=\"{&quot;_position&quot;:&quot;absolute&quot;}\" data-widget_type=\"image.default\">\n\t\t\t\t<div class=\"elementor-widget-container\">\n\t\t\t\t\t\t\t\t\t\t\t\t\t\t\t<img fetchpriority=\"high\" decoding=\"async\" width=\"1890\" height=\"1905\" src=\"https:\/\/prolancers.pl\/wp-content\/uploads\/2025\/01\/Ellipse-1.png\" class=\"attachment-full size-full wp-image-82\" alt=\"\" srcset=\"https:\/\/prolancers.pl\/wp-content\/uploads\/2025\/01\/Ellipse-1.png 1890w, https:\/\/prolancers.pl\/wp-content\/uploads\/2025\/01\/Ellipse-1-298x300.png 298w, https:\/\/prolancers.pl\/wp-content\/uploads\/2025\/01\/Ellipse-1-1016x1024.png 1016w, https:\/\/prolancers.pl\/wp-content\/uploads\/2025\/01\/Ellipse-1-150x150.png 150w, https:\/\/prolancers.pl\/wp-content\/uploads\/2025\/01\/Ellipse-1-768x774.png 768w, https:\/\/prolancers.pl\/wp-content\/uploads\/2025\/01\/Ellipse-1-1524x1536.png 1524w, https:\/\/prolancers.pl\/wp-content\/uploads\/2025\/01\/Ellipse-1-100x100.png 100w\" sizes=\"(max-width: 1890px) 100vw, 1890px\" \/>\t\t\t\t\t\t\t\t\t\t\t\t\t\t\t<\/div>\n\t\t\t\t<\/div>\n\t\t\t\t<div class=\"elementor-element elementor-element-74b0ff2 elementor-widget__width-auto elementor-absolute elementor-widget elementor-widget-image\" data-id=\"74b0ff2\" data-element_type=\"widget\" data-e-type=\"widget\" data-settings=\"{&quot;_position&quot;:&quot;absolute&quot;}\" data-widget_type=\"image.default\">\n\t\t\t\t<div class=\"elementor-widget-container\">\n\t\t\t\t\t\t\t\t\t\t\t\t\t\t\t<img fetchpriority=\"high\" decoding=\"async\" width=\"1890\" height=\"1905\" src=\"https:\/\/prolancers.pl\/wp-content\/uploads\/2025\/01\/Ellipse-1.png\" class=\"attachment-full size-full wp-image-82\" alt=\"\" srcset=\"https:\/\/prolancers.pl\/wp-content\/uploads\/2025\/01\/Ellipse-1.png 1890w, https:\/\/prolancers.pl\/wp-content\/uploads\/2025\/01\/Ellipse-1-298x300.png 298w, https:\/\/prolancers.pl\/wp-content\/uploads\/2025\/01\/Ellipse-1-1016x1024.png 1016w, https:\/\/prolancers.pl\/wp-content\/uploads\/2025\/01\/Ellipse-1-150x150.png 150w, https:\/\/prolancers.pl\/wp-content\/uploads\/2025\/01\/Ellipse-1-768x774.png 768w, https:\/\/prolancers.pl\/wp-content\/uploads\/2025\/01\/Ellipse-1-1524x1536.png 1524w, https:\/\/prolancers.pl\/wp-content\/uploads\/2025\/01\/Ellipse-1-100x100.png 100w\" sizes=\"(max-width: 1890px) 100vw, 1890px\" \/>\t\t\t\t\t\t\t\t\t\t\t\t\t\t\t<\/div>\n\t\t\t\t<\/div>\n\t\t\t\t\t<\/div>\n\t\t<\/div>\n\t\t\t\t\t<\/div>\n\t\t<\/section>\n\t\t\t\t<section class=\"elementor-section elementor-top-section elementor-element elementor-element-3af64a9 elementor-section-boxed elementor-section-height-default elementor-section-height-default\" data-id=\"3af64a9\" data-element_type=\"section\" data-e-type=\"section\" data-settings=\"{&quot;background_background&quot;:&quot;classic&quot;}\">\n\t\t\t\t\t\t\t<div class=\"elementor-background-overlay\"><\/div>\n\t\t\t\t\t\t\t<div class=\"elementor-container elementor-column-gap-no\">\n\t\t\t\t\t<div class=\"elementor-column elementor-col-100 elementor-top-column elementor-element elementor-element-ab142fb\" data-id=\"ab142fb\" data-element_type=\"column\" data-e-type=\"column\">\n\t\t\t<div class=\"elementor-widget-wrap\">\n\t\t\t\t\t\t\t<\/div>\n\t\t<\/div>\n\t\t\t\t\t<\/div>\n\t\t<\/section>\n\t\t\t\t<\/div>\n\t\t","protected":false},"excerpt":{"rendered":"<p>Freelancer Czy Agencja? Rozpoczn\u0119 od swojej tezy, kt\u00f3r\u0105 postaram si\u0119 po kr\u00f3tce uargumentowa\u0107. Strona G\u0142\u00f3wna Odpowied\u017a: freelancer Aby zrozumie\u0107 dlaczego lepiej skorzysta\u0107 z us\u0142ug freelancera wystarczy chwil\u0119 si\u0119 zastanowi\u0107 nad perspektywami obu us\u0142ugodawc\u00f3w z punktu biznesowego. Zapewne wi\u0119kszo\u015b\u0107 ludzi zdaje sobie spraw\u0119 z podej\u015bcia du\u017cych us\u0142ugodawc\u00f3w na rynku \u2013 kt\u00f3rzy wk\u0142adaj\u0105 du\u017co wysi\u0142ku w pozyskanie [&hellip;]<\/p>\n","protected":false},"author":1,"featured_media":0,"parent":0,"menu_order":0,"comment_status":"closed","ping_status":"closed","template":"elementor_header_footer","meta":{"_eb_attr":"","footnotes":""},"class_list":["post-456","page","type-page","status-publish","hentry"],"yoast_head":"<!-- This site is optimized with the Yoast SEO plugin v27.3 - https:\/\/yoast.com\/product\/yoast-seo-wordpress\/ -->\n<title>Freelancer Czy Agencja - ProLancers<\/title>\n<meta name=\"robots\" content=\"index, follow, max-snippet:-1, max-image-preview:large, max-video-preview:-1\" \/>\n<link rel=\"canonical\" href=\"https:\/\/prolancers.pl\/index.php\/freelancer-czy-agencja\/\" \/>\n<meta property=\"og:locale\" content=\"pl_PL\" \/>\n<meta property=\"og:type\" content=\"article\" \/>\n<meta property=\"og:title\" content=\"Freelancer Czy Agencja - ProLancers\" \/>\n<meta property=\"og:description\" content=\"Freelancer Czy Agencja? Rozpoczn\u0119 od swojej tezy, kt\u00f3r\u0105 postaram si\u0119 po kr\u00f3tce uargumentowa\u0107. Strona G\u0142\u00f3wna Odpowied\u017a: freelancer Aby zrozumie\u0107 dlaczego lepiej skorzysta\u0107 z us\u0142ug freelancera wystarczy chwil\u0119 si\u0119 zastanowi\u0107 nad perspektywami obu us\u0142ugodawc\u00f3w z punktu biznesowego. Zapewne wi\u0119kszo\u015b\u0107 ludzi zdaje sobie spraw\u0119 z podej\u015bcia du\u017cych us\u0142ugodawc\u00f3w na rynku \u2013 kt\u00f3rzy wk\u0142adaj\u0105 du\u017co wysi\u0142ku w pozyskanie [&hellip;]\" \/>\n<meta property=\"og:url\" content=\"https:\/\/prolancers.pl\/index.php\/freelancer-czy-agencja\/\" \/>\n<meta property=\"og:site_name\" content=\"ProLancers\" \/>\n<meta property=\"article:modified_time\" content=\"2025-02-02T19:06:13+00:00\" \/>\n<meta property=\"og:image\" content=\"http:\/\/prolancers.pl\/wp-content\/uploads\/2025\/01\/Ellipse-1.png\" \/>\n<meta name=\"twitter:card\" content=\"summary_large_image\" \/>\n<meta name=\"twitter:label1\" content=\"Szacowany czas czytania\" \/>\n\t<meta name=\"twitter:data1\" content=\"2 minuty\" \/>\n<script type=\"application\/ld+json\" class=\"yoast-schema-graph\">{\"@context\":\"https:\\\/\\\/schema.org\",\"@graph\":[{\"@type\":\"WebPage\",\"@id\":\"https:\\\/\\\/prolancers.pl\\\/index.php\\\/freelancer-czy-agencja\\\/\",\"url\":\"https:\\\/\\\/prolancers.pl\\\/index.php\\\/freelancer-czy-agencja\\\/\",\"name\":\"Freelancer Czy Agencja - ProLancers\",\"isPartOf\":{\"@id\":\"https:\\\/\\\/prolancers.pl\\\/#website\"},\"primaryImageOfPage\":{\"@id\":\"https:\\\/\\\/prolancers.pl\\\/index.php\\\/freelancer-czy-agencja\\\/#primaryimage\"},\"image\":{\"@id\":\"https:\\\/\\\/prolancers.pl\\\/index.php\\\/freelancer-czy-agencja\\\/#primaryimage\"},\"thumbnailUrl\":\"http:\\\/\\\/prolancers.pl\\\/wp-content\\\/uploads\\\/2025\\\/01\\\/Ellipse-1.png\",\"datePublished\":\"2025-01-29T16:45:39+00:00\",\"dateModified\":\"2025-02-02T19:06:13+00:00\",\"breadcrumb\":{\"@id\":\"https:\\\/\\\/prolancers.pl\\\/index.php\\\/freelancer-czy-agencja\\\/#breadcrumb\"},\"inLanguage\":\"pl-PL\",\"potentialAction\":[{\"@type\":\"ReadAction\",\"target\":[\"https:\\\/\\\/prolancers.pl\\\/index.php\\\/freelancer-czy-agencja\\\/\"]}]},{\"@type\":\"ImageObject\",\"inLanguage\":\"pl-PL\",\"@id\":\"https:\\\/\\\/prolancers.pl\\\/index.php\\\/freelancer-czy-agencja\\\/#primaryimage\",\"url\":\"https:\\\/\\\/prolancers.pl\\\/wp-content\\\/uploads\\\/2025\\\/01\\\/Ellipse-1.png\",\"contentUrl\":\"https:\\\/\\\/prolancers.pl\\\/wp-content\\\/uploads\\\/2025\\\/01\\\/Ellipse-1.png\",\"width\":1890,\"height\":1905},{\"@type\":\"BreadcrumbList\",\"@id\":\"https:\\\/\\\/prolancers.pl\\\/index.php\\\/freelancer-czy-agencja\\\/#breadcrumb\",\"itemListElement\":[{\"@type\":\"ListItem\",\"position\":1,\"name\":\"Strona g\u0142\u00f3wna\",\"item\":\"https:\\\/\\\/prolancers.pl\\\/\"},{\"@type\":\"ListItem\",\"position\":2,\"name\":\"Freelancer Czy Agencja\"}]},{\"@type\":\"WebSite\",\"@id\":\"https:\\\/\\\/prolancers.pl\\\/#website\",\"url\":\"https:\\\/\\\/prolancers.pl\\\/\",\"name\":\"ProLancers\",\"description\":\"E-commerce | Marketing\",\"publisher\":{\"@id\":\"https:\\\/\\\/prolancers.pl\\\/#organization\"},\"potentialAction\":[{\"@type\":\"SearchAction\",\"target\":{\"@type\":\"EntryPoint\",\"urlTemplate\":\"https:\\\/\\\/prolancers.pl\\\/?s={search_term_string}\"},\"query-input\":{\"@type\":\"PropertyValueSpecification\",\"valueRequired\":true,\"valueName\":\"search_term_string\"}}],\"inLanguage\":\"pl-PL\"},{\"@type\":\"Organization\",\"@id\":\"https:\\\/\\\/prolancers.pl\\\/#organization\",\"name\":\"ProLancers\",\"url\":\"https:\\\/\\\/prolancers.pl\\\/\",\"logo\":{\"@type\":\"ImageObject\",\"inLanguage\":\"pl-PL\",\"@id\":\"https:\\\/\\\/prolancers.pl\\\/#\\\/schema\\\/logo\\\/image\\\/\",\"url\":\"https:\\\/\\\/prolancers.pl\\\/wp-content\\\/uploads\\\/2025\\\/01\\\/Logo-V.png\",\"contentUrl\":\"https:\\\/\\\/prolancers.pl\\\/wp-content\\\/uploads\\\/2025\\\/01\\\/Logo-V.png\",\"width\":800,\"height\":222,\"caption\":\"ProLancers\"},\"image\":{\"@id\":\"https:\\\/\\\/prolancers.pl\\\/#\\\/schema\\\/logo\\\/image\\\/\"}}]}<\/script>\n<!-- \/ Yoast SEO plugin. -->","yoast_head_json":{"title":"Freelancer Czy Agencja - ProLancers","robots":{"index":"index","follow":"follow","max-snippet":"max-snippet:-1","max-image-preview":"max-image-preview:large","max-video-preview":"max-video-preview:-1"},"canonical":"https:\/\/prolancers.pl\/index.php\/freelancer-czy-agencja\/","og_locale":"pl_PL","og_type":"article","og_title":"Freelancer Czy Agencja - ProLancers","og_description":"Freelancer Czy Agencja? Rozpoczn\u0119 od swojej tezy, kt\u00f3r\u0105 postaram si\u0119 po kr\u00f3tce uargumentowa\u0107. Strona G\u0142\u00f3wna Odpowied\u017a: freelancer Aby zrozumie\u0107 dlaczego lepiej skorzysta\u0107 z us\u0142ug freelancera wystarczy chwil\u0119 si\u0119 zastanowi\u0107 nad perspektywami obu us\u0142ugodawc\u00f3w z punktu biznesowego. Zapewne wi\u0119kszo\u015b\u0107 ludzi zdaje sobie spraw\u0119 z podej\u015bcia du\u017cych us\u0142ugodawc\u00f3w na rynku \u2013 kt\u00f3rzy wk\u0142adaj\u0105 du\u017co wysi\u0142ku w pozyskanie [&hellip;]","og_url":"https:\/\/prolancers.pl\/index.php\/freelancer-czy-agencja\/","og_site_name":"ProLancers","article_modified_time":"2025-02-02T19:06:13+00:00","og_image":[{"url":"http:\/\/prolancers.pl\/wp-content\/uploads\/2025\/01\/Ellipse-1.png","type":"","width":"","height":""}],"twitter_card":"summary_large_image","twitter_misc":{"Szacowany czas czytania":"2 minuty"},"schema":{"@context":"https:\/\/schema.org","@graph":[{"@type":"WebPage","@id":"https:\/\/prolancers.pl\/index.php\/freelancer-czy-agencja\/","url":"https:\/\/prolancers.pl\/index.php\/freelancer-czy-agencja\/","name":"Freelancer Czy Agencja - ProLancers","isPartOf":{"@id":"https:\/\/prolancers.pl\/#website"},"primaryImageOfPage":{"@id":"https:\/\/prolancers.pl\/index.php\/freelancer-czy-agencja\/#primaryimage"},"image":{"@id":"https:\/\/prolancers.pl\/index.php\/freelancer-czy-agencja\/#primaryimage"},"thumbnailUrl":"http:\/\/prolancers.pl\/wp-content\/uploads\/2025\/01\/Ellipse-1.png","datePublished":"2025-01-29T16:45:39+00:00","dateModified":"2025-02-02T19:06:13+00:00","breadcrumb":{"@id":"https:\/\/prolancers.pl\/index.php\/freelancer-czy-agencja\/#breadcrumb"},"inLanguage":"pl-PL","potentialAction":[{"@type":"ReadAction","target":["https:\/\/prolancers.pl\/index.php\/freelancer-czy-agencja\/"]}]},{"@type":"ImageObject","inLanguage":"pl-PL","@id":"https:\/\/prolancers.pl\/index.php\/freelancer-czy-agencja\/#primaryimage","url":"https:\/\/prolancers.pl\/wp-content\/uploads\/2025\/01\/Ellipse-1.png","contentUrl":"https:\/\/prolancers.pl\/wp-content\/uploads\/2025\/01\/Ellipse-1.png","width":1890,"height":1905},{"@type":"BreadcrumbList","@id":"https:\/\/prolancers.pl\/index.php\/freelancer-czy-agencja\/#breadcrumb","itemListElement":[{"@type":"ListItem","position":1,"name":"Strona g\u0142\u00f3wna","item":"https:\/\/prolancers.pl\/"},{"@type":"ListItem","position":2,"name":"Freelancer Czy Agencja"}]},{"@type":"WebSite","@id":"https:\/\/prolancers.pl\/#website","url":"https:\/\/prolancers.pl\/","name":"ProLancers","description":"E-commerce | Marketing","publisher":{"@id":"https:\/\/prolancers.pl\/#organization"},"potentialAction":[{"@type":"SearchAction","target":{"@type":"EntryPoint","urlTemplate":"https:\/\/prolancers.pl\/?s={search_term_string}"},"query-input":{"@type":"PropertyValueSpecification","valueRequired":true,"valueName":"search_term_string"}}],"inLanguage":"pl-PL"},{"@type":"Organization","@id":"https:\/\/prolancers.pl\/#organization","name":"ProLancers","url":"https:\/\/prolancers.pl\/","logo":{"@type":"ImageObject","inLanguage":"pl-PL","@id":"https:\/\/prolancers.pl\/#\/schema\/logo\/image\/","url":"https:\/\/prolancers.pl\/wp-content\/uploads\/2025\/01\/Logo-V.png","contentUrl":"https:\/\/prolancers.pl\/wp-content\/uploads\/2025\/01\/Logo-V.png","width":800,"height":222,"caption":"ProLancers"},"image":{"@id":"https:\/\/prolancers.pl\/#\/schema\/logo\/image\/"}}]}},"_links":{"self":[{"href":"https:\/\/prolancers.pl\/index.php\/wp-json\/wp\/v2\/pages\/456","targetHints":{"allow":["GET"]}}],"collection":[{"href":"https:\/\/prolancers.pl\/index.php\/wp-json\/wp\/v2\/pages"}],"about":[{"href":"https:\/\/prolancers.pl\/index.php\/wp-json\/wp\/v2\/types\/page"}],"author":[{"embeddable":true,"href":"https:\/\/prolancers.pl\/index.php\/wp-json\/wp\/v2\/users\/1"}],"replies":[{"embeddable":true,"href":"https:\/\/prolancers.pl\/index.php\/wp-json\/wp\/v2\/comments?post=456"}],"version-history":[{"count":10,"href":"https:\/\/prolancers.pl\/index.php\/wp-json\/wp\/v2\/pages\/456\/revisions"}],"predecessor-version":[{"id":615,"href":"https:\/\/prolancers.pl\/index.php\/wp-json\/wp\/v2\/pages\/456\/revisions\/615"}],"wp:attachment":[{"href":"https:\/\/prolancers.pl\/index.php\/wp-json\/wp\/v2\/media?parent=456"}],"curies":[{"name":"wp","href":"https:\/\/api.w.org\/{rel}","templated":true}]}}