{"id":108,"date":"2025-01-18T17:01:47","date_gmt":"2025-01-18T17:01:47","guid":{"rendered":"https:\/\/prolancers.pl\/index.php\/penny-grow-contact\/"},"modified":"2025-02-03T00:52:46","modified_gmt":"2025-02-03T00:52:46","slug":"kontakt","status":"publish","type":"page","link":"https:\/\/prolancers.pl\/index.php\/kontakt\/","title":{"rendered":"Konatakt"},"content":{"rendered":"\t\t<div data-elementor-type=\"wp-page\" data-elementor-id=\"108\" class=\"elementor elementor-108\">\n\t\t\t\t\t\t<section class=\"elementor-section elementor-top-section elementor-element elementor-element-8666048 elementor-reverse-tablet elementor-reverse-mobile elementor-section-boxed elementor-section-height-default elementor-section-height-default\" data-id=\"8666048\" data-element_type=\"section\" data-e-type=\"section\" data-settings=\"{&quot;background_background&quot;:&quot;gradient&quot;}\">\n\t\t\t\t\t\t\t<div class=\"elementor-background-overlay\"><\/div>\n\t\t\t\t\t\t\t<div class=\"elementor-container elementor-column-gap-no\">\n\t\t\t\t\t<div class=\"elementor-column elementor-col-100 elementor-top-column elementor-element elementor-element-d7dab91\" data-id=\"d7dab91\" data-element_type=\"column\" data-e-type=\"column\">\n\t\t\t<div class=\"elementor-widget-wrap elementor-element-populated\">\n\t\t\t\t\t\t<div class=\"elementor-element elementor-element-23feb8e elementor-widget elementor-widget-heading\" data-id=\"23feb8e\" data-element_type=\"widget\" data-e-type=\"widget\" data-widget_type=\"heading.default\">\n\t\t\t\t<div class=\"elementor-widget-container\">\n\t\t\t\t\t<h1 class=\"elementor-heading-title elementor-size-default\">kontakt<\/h1>\t\t\t\t<\/div>\n\t\t\t\t<\/div>\n\t\t\t\t<div class=\"elementor-element elementor-element-5ee81b5 elementor-widget elementor-widget-heading\" data-id=\"5ee81b5\" data-element_type=\"widget\" data-e-type=\"widget\" data-widget_type=\"heading.default\">\n\t\t\t\t<div class=\"elementor-widget-container\">\n\t\t\t\t\t<p class=\"elementor-heading-title elementor-size-default\">Potrzebujesz dodatkowych informacji? \nSkontaktuj si\u0119 ze mn\u0105 w dowolny spos\u00f3b!<\/p>\t\t\t\t<\/div>\n\t\t\t\t<\/div>\n\t\t\t\t<div class=\"elementor-element elementor-element-709e581 elementor-tablet-align-center elementor-align-center elementor-widget elementor-widget-button\" data-id=\"709e581\" data-element_type=\"widget\" data-e-type=\"widget\" data-widget_type=\"button.default\">\n\t\t\t\t<div class=\"elementor-widget-container\">\n\t\t\t\t\t\t\t\t\t<div class=\"elementor-button-wrapper\">\n\t\t\t\t\t<a class=\"elementor-button elementor-button-link elementor-size-md elementor-animation-shrink\" href=\"https:\/\/prolancers.pl\/\">\n\t\t\t\t\t\t<span class=\"elementor-button-content-wrapper\">\n\t\t\t\t\t\t\t\t\t<span class=\"elementor-button-text\">Strona G\u0142\u00f3wna<\/span>\n\t\t\t\t\t<\/span>\n\t\t\t\t\t<\/a>\n\t\t\t\t<\/div>\n\t\t\t\t\t\t\t\t<\/div>\n\t\t\t\t<\/div>\n\t\t\t\t\t<\/div>\n\t\t<\/div>\n\t\t\t\t\t<\/div>\n\t\t<\/section>\n\t\t\t\t<section class=\"elementor-section elementor-top-section elementor-element elementor-element-6c02e08 elementor-section-boxed elementor-section-height-default elementor-section-height-default\" data-id=\"6c02e08\" data-element_type=\"section\" data-e-type=\"section\" id=\"contact_section\">\n\t\t\t\t\t\t<div class=\"elementor-container elementor-column-gap-no\">\n\t\t\t\t\t<div class=\"elementor-column elementor-col-50 elementor-top-column elementor-element elementor-element-c82e69a\" data-id=\"c82e69a\" data-element_type=\"column\" data-e-type=\"column\">\n\t\t\t<div class=\"elementor-widget-wrap elementor-element-populated\">\n\t\t\t\t\t\t<div class=\"elementor-element elementor-element-785ae4b elementor-widget elementor-widget-heading\" data-id=\"785ae4b\" data-element_type=\"widget\" data-e-type=\"widget\" data-widget_type=\"heading.default\">\n\t\t\t\t<div class=\"elementor-widget-container\">\n\t\t\t\t\t<h2 class=\"elementor-heading-title elementor-size-default\">Dane Kontaktowe<\/h2>\t\t\t\t<\/div>\n\t\t\t\t<\/div>\n\t\t\t\t<div class=\"elementor-element elementor-element-2452079 elementor-widget elementor-widget-heading\" data-id=\"2452079\" data-element_type=\"widget\" data-e-type=\"widget\" data-widget_type=\"heading.default\">\n\t\t\t\t<div class=\"elementor-widget-container\">\n\t\t\t\t\t<p class=\"elementor-heading-title elementor-size-default\">Nietypowe godziny, lub dzie\u0144? Wy\u015blij formularz kontaktowy, a odpowiem najszybciej jak to mo\u017cliwe!<\/p>\t\t\t\t<\/div>\n\t\t\t\t<\/div>\n\t\t\t\t<div class=\"elementor-element elementor-element-48cbba6 elementor-widget elementor-widget-eael-info-box\" data-id=\"48cbba6\" data-element_type=\"widget\" data-e-type=\"widget\" data-widget_type=\"eael-info-box.default\">\n\t\t\t\t<div class=\"elementor-widget-container\">\n\t\t\t\t\t        <div class=\"eael-infobox icon-on-left\">\n\t            <div class=\"infobox-content\">\n                    <div class=\"infobox-title-section\">\n                <h2 class=\"title\">Numer Kontaktowy:<\/h2>            <\/div>\n            <div><h3>+48 501 343 343<\/h3><\/div>        <\/div>\n            <\/div>\n\n\t\t\t\t\t\t<\/div>\n\t\t\t\t<\/div>\n\t\t\t\t<div class=\"elementor-element elementor-element-0260732 elementor-widget elementor-widget-eael-info-box\" data-id=\"0260732\" data-element_type=\"widget\" data-e-type=\"widget\" data-widget_type=\"eael-info-box.default\">\n\t\t\t\t<div class=\"elementor-widget-container\">\n\t\t\t\t\t        <div class=\"eael-infobox icon-on-left\">\n\t            <div class=\"infobox-content\">\n                    <div class=\"infobox-title-section\">\n                <h2 class=\"title\">Adres Email:<\/h2>            <\/div>\n            <div><h3>kontakt@prolancers.pl<\/h3><\/div>        <\/div>\n            <\/div>\n\n\t\t\t\t\t\t<\/div>\n\t\t\t\t<\/div>\n\t\t\t\t\t<\/div>\n\t\t<\/div>\n\t\t\t\t<div class=\"elementor-column elementor-col-50 elementor-top-column elementor-element elementor-element-40437fc\" data-id=\"40437fc\" data-element_type=\"column\" data-e-type=\"column\">\n\t\t\t<div class=\"elementor-widget-wrap elementor-element-populated\">\n\t\t\t\t\t\t<div class=\"elementor-element elementor-element-0df074d eael-fluentform-form-button-center eael-fluentform-form-button-custom elementor-widget elementor-widget-eael-fluentform\" data-id=\"0df074d\" data-element_type=\"widget\" data-e-type=\"widget\" data-widget_type=\"eael-fluentform.default\">\n\t\t\t\t<div class=\"elementor-widget-container\">\n\t\t\t\t\t        <div class=\"eael-contact-form eael-fluent-form-wrapper clearfix eael-contact-form-align-default\">\n\n            \n            <div class='fluentform ff-default fluentform_wrapper_6 ffs_default_wrap'><form data-form_id=\"6\" id=\"fluentform_6\" class=\"frm-fluent-form fluent_form_6 ff-el-form-top ff_form_instance_6_1 ff-form-loading ffs_default\" data-form_instance=\"ff_form_instance_6_1\" method=\"POST\" ><fieldset  style=\"border: none!important;margin: 0!important;padding: 0!important;background-color: transparent!important;box-shadow: none!important;outline: none!important; min-inline-size: 100%;\">\n                    <legend class=\"ff_screen_reader_title\" style=\"display: block; margin: 0!important;padding: 0!important;height: 0!important;text-indent: -999999px;width: 0!important;overflow:hidden;\">Standardowy Formularz Kontaktowy<\/legend><input type='hidden' name='__fluent_form_embded_post_id' value='108' \/><input type=\"hidden\" id=\"_fluentform_6_fluentformnonce\" name=\"_fluentform_6_fluentformnonce\" value=\"9d2578d297\" \/><input type=\"hidden\" name=\"_wp_http_referer\" value=\"\/index.php\/wp-json\/wp\/v2\/pages\/108\" \/><div class='ff-el-group'><div class=\"ff-el-input--label ff-el-is-required asterisk-right\"><label for='ff_6_email' id='label_ff_6_email' aria-label=\"Email\">Email<\/label><\/div><div class='ff-el-input--content'><input type=\"email\" name=\"email\" id=\"ff_6_email\" class=\"ff-el-form-control\" placeholder=\"(Adres Email)\" data-name=\"email\"  aria-invalid=\"false\" aria-required=true><\/div><\/div><div class='ff-el-group'><div class=\"ff-el-input--label asterisk-right\"><label for='ff_6_numeric_field' id='label_ff_6_numeric_field' aria-label=\"Telefon Kontaktowy (bez +48)\">Telefon Kontaktowy (bez +48)<\/label><\/div><div class='ff-el-input--content'><input type=\"number\" name=\"numeric_field\" id=\"ff_6_numeric_field\" class=\"ff-el-form-control\" placeholder=\"(Numer Telefonu)\" data-name=\"numeric_field\" inputmode=\"numeric\" step=\"any\"  aria-invalid=\"false\" aria-required=false><\/div><\/div><div class='ff-el-group'><div class=\"ff-el-input--label asterisk-right\"><label for='ff_6_input_text_1' id='label_ff_6_input_text_1' aria-label=\"Temat\">Temat<\/label><\/div><div class='ff-el-input--content'><input type=\"text\" name=\"input_text_1\" class=\"ff-el-form-control\" placeholder=\"(Temat Wiadmo\u015bci)\" data-name=\"input_text_1\" id=\"ff_6_input_text_1\"  aria-invalid=\"false\" aria-required=false><\/div><\/div><div class='ff-el-group'><div class=\"ff-el-input--label ff-el-is-required asterisk-right\"><label for='ff_6_description' id='label_ff_6_description' aria-label=\"Wiadomo\u015b\u0107\">Wiadomo\u015b\u0107<\/label><\/div><div class='ff-el-input--content'><textarea aria-required=\"true\" aria-labelledby=\"label_ff_6_description\" name=\"description\" id=\"ff_6_description\" class=\"ff-el-form-control\" placeholder=\"(Tre\u015b\u0107 Wiadomo\u015bci)\" rows=\"3\" cols=\"2\" data-name=\"description\" ><\/textarea><\/div><\/div><div class='ff-el-group ff-text-center ff_submit_btn_wrapper'><button type=\"submit\" class=\"ff-btn ff-btn-submit ff-btn-lg ff_btn_style wpf_has_custom_css\"  aria-label=\"Wy\u015blij\">Wy\u015blij<\/button><\/div><\/fieldset><\/form><div id='fluentform_6_errors' class='ff-errors-in-stack ff_form_instance_6_1 ff-form-loading_errors ff_form_instance_6_1_errors'><\/div><\/div>            <script type=\"text\/javascript\">\n                window.fluent_form_ff_form_instance_6_1 = {\"id\":\"6\",\"settings\":{\"layout\":{\"labelPlacement\":\"top\",\"asteriskPlacement\":\"asterisk-right\",\"helpMessagePlacement\":\"with_label\",\"errorMessagePlacement\":\"inline\",\"cssClassName\":\"\"},\"restrictions\":{\"denyEmptySubmission\":{\"enabled\":false}}},\"form_instance\":\"ff_form_instance_6_1\",\"form_id_selector\":\"fluentform_6\",\"rules\":{\"email\":{\"required\":{\"value\":true,\"message\":\"To pole musi zosta\\u0107 wype\\u0142nione\",\"global\":true,\"global_message\":\"To pole musi zosta\\u0107 wype\\u0142nione\"},\"email\":{\"value\":true,\"message\":\"To pole musi zawiera\\u0107 adres email\",\"global\":true,\"global_message\":\"To pole musi zawiera\\u0107 adres email\"}},\"numeric_field\":{\"required\":{\"value\":false,\"message\":\"To pole musi zosta\\u0107 wype\\u0142nione\",\"global_message\":\"To pole musi zosta\\u0107 wype\\u0142nione\",\"global\":true},\"numeric\":{\"value\":true,\"message\":\"To pole musi zawiera\\u0107 liczb\\u0119 (same cyfry)\",\"global_message\":\"To pole musi zawiera\\u0107 liczb\\u0119 (same cyfry)\",\"global\":true},\"min\":{\"value\":\"\",\"message\":\"Validation fails for minimum value\",\"global_message\":\"Validation fails for minimum value\",\"global\":true},\"max\":{\"value\":\"\",\"message\":\"Validation fails for maximum value\",\"global_message\":\"Validation fails for maximum value\",\"global\":true},\"digits\":{\"value\":\"\",\"message\":\"Validation fails for limited digits\",\"global_message\":\"Validation fails for limited digits\",\"global\":true}},\"input_text_1\":{\"required\":{\"value\":false,\"message\":\"To pole musi zosta\\u0107 wype\\u0142nione\",\"global\":true,\"global_message\":\"To pole musi zosta\\u0107 wype\\u0142nione\"}},\"description\":{\"required\":{\"value\":true,\"message\":\"To pole musi zosta\\u0107 wype\\u0142nione\",\"global\":true,\"global_message\":\"To pole musi zosta\\u0107 wype\\u0142nione\"}}},\"debounce_time\":300};\n                            <\/script>\n                    <\/div>\n\n        \t\t\t\t<\/div>\n\t\t\t\t<\/div>\n\t\t\t\t\t<\/div>\n\t\t<\/div>\n\t\t\t\t\t<\/div>\n\t\t<\/section>\n\t\t\t\t<section class=\"elementor-section elementor-top-section elementor-element elementor-element-a9e5cbb elementor-section-boxed elementor-section-height-default elementor-section-height-default\" data-id=\"a9e5cbb\" data-element_type=\"section\" data-e-type=\"section\" data-settings=\"{&quot;background_background&quot;:&quot;classic&quot;}\">\n\t\t\t\t\t\t\t<div class=\"elementor-background-overlay\"><\/div>\n\t\t\t\t\t\t\t<div class=\"elementor-container elementor-column-gap-no\">\n\t\t\t\t\t<div class=\"elementor-column elementor-col-100 elementor-top-column elementor-element elementor-element-21970a7\" data-id=\"21970a7\" data-element_type=\"column\" data-e-type=\"column\" data-settings=\"{&quot;background_background&quot;:&quot;classic&quot;}\">\n\t\t\t<div class=\"elementor-widget-wrap elementor-element-populated\">\n\t\t\t\t\t<div class=\"elementor-background-overlay\"><\/div>\n\t\t\t\t\t\t<div class=\"elementor-element elementor-element-7475dfe elementor-widget__width-initial eael-fluentform-form-button-custom elementor-widget elementor-widget-eael-fluentform\" data-id=\"7475dfe\" data-element_type=\"widget\" data-e-type=\"widget\" data-widget_type=\"eael-fluentform.default\">\n\t\t\t\t<div class=\"elementor-widget-container\">\n\t\t\t\t\t        <div class=\"eael-contact-form eael-fluent-form-wrapper clearfix fluent-form-labels-hide eael-contact-form-align-center\">\n\n            \n                    <\/div>\n\n        \t\t\t\t<\/div>\n\t\t\t\t<\/div>\n\t\t\t\t\t<\/div>\n\t\t<\/div>\n\t\t\t\t\t<\/div>\n\t\t<\/section>\n\t\t\t\t<\/div>\n\t\t","protected":false},"excerpt":{"rendered":"<p>kontakt Potrzebujesz dodatkowych informacji? Skontaktuj si\u0119 ze mn\u0105 w dowolny spos\u00f3b! Strona G\u0142\u00f3wna Dane Kontaktowe Nietypowe godziny, lub dzie\u0144? Wy\u015blij formularz kontaktowy, a odpowiem najszybciej jak to mo\u017cliwe! Numer Kontaktowy: +48 501 343 343 Adres Email: kontakt@prolancers.pl Standardowy Formularz Kontaktowy EmailTelefon Kontaktowy (bez +48)TematWiadomo\u015b\u0107Wy\u015blij<\/p>\n","protected":false},"author":1,"featured_media":0,"parent":0,"menu_order":0,"comment_status":"closed","ping_status":"closed","template":"elementor_header_footer","meta":{"_eb_attr":"","footnotes":""},"class_list":["post-108","page","type-page","status-publish","hentry"],"yoast_head":"<!-- This site is optimized with the Yoast SEO plugin v27.3 - https:\/\/yoast.com\/product\/yoast-seo-wordpress\/ -->\n<title>Konatakt - ProLancers<\/title>\n<meta name=\"robots\" content=\"index, follow, max-snippet:-1, max-image-preview:large, max-video-preview:-1\" \/>\n<link rel=\"canonical\" href=\"https:\/\/prolancers.pl\/index.php\/kontakt\/\" \/>\n<meta property=\"og:locale\" content=\"pl_PL\" \/>\n<meta property=\"og:type\" content=\"article\" \/>\n<meta property=\"og:title\" content=\"Konatakt - ProLancers\" \/>\n<meta property=\"og:description\" content=\"kontakt Potrzebujesz dodatkowych informacji? Skontaktuj si\u0119 ze mn\u0105 w dowolny spos\u00f3b! Strona G\u0142\u00f3wna Dane Kontaktowe Nietypowe godziny, lub dzie\u0144? Wy\u015blij formularz kontaktowy, a odpowiem najszybciej jak to mo\u017cliwe! Numer Kontaktowy: +48 501 343 343 Adres Email: kontakt@prolancers.pl Standardowy Formularz Kontaktowy EmailTelefon Kontaktowy (bez +48)TematWiadomo\u015b\u0107Wy\u015blij\" \/>\n<meta property=\"og:url\" content=\"https:\/\/prolancers.pl\/index.php\/kontakt\/\" \/>\n<meta property=\"og:site_name\" content=\"ProLancers\" \/>\n<meta property=\"article:modified_time\" content=\"2025-02-03T00:52:46+00:00\" \/>\n<meta name=\"twitter:card\" content=\"summary_large_image\" \/>\n<meta name=\"twitter:label1\" content=\"Szacowany czas czytania\" \/>\n\t<meta name=\"twitter:data1\" content=\"1 minuta\" \/>\n<script type=\"application\/ld+json\" class=\"yoast-schema-graph\">{\"@context\":\"https:\\\/\\\/schema.org\",\"@graph\":[{\"@type\":\"WebPage\",\"@id\":\"https:\\\/\\\/prolancers.pl\\\/index.php\\\/kontakt\\\/\",\"url\":\"https:\\\/\\\/prolancers.pl\\\/index.php\\\/kontakt\\\/\",\"name\":\"Konatakt - ProLancers\",\"isPartOf\":{\"@id\":\"https:\\\/\\\/prolancers.pl\\\/#website\"},\"datePublished\":\"2025-01-18T17:01:47+00:00\",\"dateModified\":\"2025-02-03T00:52:46+00:00\",\"breadcrumb\":{\"@id\":\"https:\\\/\\\/prolancers.pl\\\/index.php\\\/kontakt\\\/#breadcrumb\"},\"inLanguage\":\"pl-PL\",\"potentialAction\":[{\"@type\":\"ReadAction\",\"target\":[\"https:\\\/\\\/prolancers.pl\\\/index.php\\\/kontakt\\\/\"]}]},{\"@type\":\"BreadcrumbList\",\"@id\":\"https:\\\/\\\/prolancers.pl\\\/index.php\\\/kontakt\\\/#breadcrumb\",\"itemListElement\":[{\"@type\":\"ListItem\",\"position\":1,\"name\":\"Strona g\u0142\u00f3wna\",\"item\":\"https:\\\/\\\/prolancers.pl\\\/\"},{\"@type\":\"ListItem\",\"position\":2,\"name\":\"Konatakt\"}]},{\"@type\":\"WebSite\",\"@id\":\"https:\\\/\\\/prolancers.pl\\\/#website\",\"url\":\"https:\\\/\\\/prolancers.pl\\\/\",\"name\":\"ProLancers\",\"description\":\"E-commerce | Marketing\",\"publisher\":{\"@id\":\"https:\\\/\\\/prolancers.pl\\\/#organization\"},\"potentialAction\":[{\"@type\":\"SearchAction\",\"target\":{\"@type\":\"EntryPoint\",\"urlTemplate\":\"https:\\\/\\\/prolancers.pl\\\/?s={search_term_string}\"},\"query-input\":{\"@type\":\"PropertyValueSpecification\",\"valueRequired\":true,\"valueName\":\"search_term_string\"}}],\"inLanguage\":\"pl-PL\"},{\"@type\":\"Organization\",\"@id\":\"https:\\\/\\\/prolancers.pl\\\/#organization\",\"name\":\"ProLancers\",\"url\":\"https:\\\/\\\/prolancers.pl\\\/\",\"logo\":{\"@type\":\"ImageObject\",\"inLanguage\":\"pl-PL\",\"@id\":\"https:\\\/\\\/prolancers.pl\\\/#\\\/schema\\\/logo\\\/image\\\/\",\"url\":\"https:\\\/\\\/prolancers.pl\\\/wp-content\\\/uploads\\\/2025\\\/01\\\/Logo-V.png\",\"contentUrl\":\"https:\\\/\\\/prolancers.pl\\\/wp-content\\\/uploads\\\/2025\\\/01\\\/Logo-V.png\",\"width\":800,\"height\":222,\"caption\":\"ProLancers\"},\"image\":{\"@id\":\"https:\\\/\\\/prolancers.pl\\\/#\\\/schema\\\/logo\\\/image\\\/\"}}]}<\/script>\n<!-- \/ Yoast SEO plugin. -->","yoast_head_json":{"title":"Konatakt - ProLancers","robots":{"index":"index","follow":"follow","max-snippet":"max-snippet:-1","max-image-preview":"max-image-preview:large","max-video-preview":"max-video-preview:-1"},"canonical":"https:\/\/prolancers.pl\/index.php\/kontakt\/","og_locale":"pl_PL","og_type":"article","og_title":"Konatakt - ProLancers","og_description":"kontakt Potrzebujesz dodatkowych informacji? Skontaktuj si\u0119 ze mn\u0105 w dowolny spos\u00f3b! Strona G\u0142\u00f3wna Dane Kontaktowe Nietypowe godziny, lub dzie\u0144? Wy\u015blij formularz kontaktowy, a odpowiem najszybciej jak to mo\u017cliwe! Numer Kontaktowy: +48 501 343 343 Adres Email: kontakt@prolancers.pl Standardowy Formularz Kontaktowy EmailTelefon Kontaktowy (bez +48)TematWiadomo\u015b\u0107Wy\u015blij","og_url":"https:\/\/prolancers.pl\/index.php\/kontakt\/","og_site_name":"ProLancers","article_modified_time":"2025-02-03T00:52:46+00:00","twitter_card":"summary_large_image","twitter_misc":{"Szacowany czas czytania":"1 minuta"},"schema":{"@context":"https:\/\/schema.org","@graph":[{"@type":"WebPage","@id":"https:\/\/prolancers.pl\/index.php\/kontakt\/","url":"https:\/\/prolancers.pl\/index.php\/kontakt\/","name":"Konatakt - ProLancers","isPartOf":{"@id":"https:\/\/prolancers.pl\/#website"},"datePublished":"2025-01-18T17:01:47+00:00","dateModified":"2025-02-03T00:52:46+00:00","breadcrumb":{"@id":"https:\/\/prolancers.pl\/index.php\/kontakt\/#breadcrumb"},"inLanguage":"pl-PL","potentialAction":[{"@type":"ReadAction","target":["https:\/\/prolancers.pl\/index.php\/kontakt\/"]}]},{"@type":"BreadcrumbList","@id":"https:\/\/prolancers.pl\/index.php\/kontakt\/#breadcrumb","itemListElement":[{"@type":"ListItem","position":1,"name":"Strona g\u0142\u00f3wna","item":"https:\/\/prolancers.pl\/"},{"@type":"ListItem","position":2,"name":"Konatakt"}]},{"@type":"WebSite","@id":"https:\/\/prolancers.pl\/#website","url":"https:\/\/prolancers.pl\/","name":"ProLancers","description":"E-commerce | Marketing","publisher":{"@id":"https:\/\/prolancers.pl\/#organization"},"potentialAction":[{"@type":"SearchAction","target":{"@type":"EntryPoint","urlTemplate":"https:\/\/prolancers.pl\/?s={search_term_string}"},"query-input":{"@type":"PropertyValueSpecification","valueRequired":true,"valueName":"search_term_string"}}],"inLanguage":"pl-PL"},{"@type":"Organization","@id":"https:\/\/prolancers.pl\/#organization","name":"ProLancers","url":"https:\/\/prolancers.pl\/","logo":{"@type":"ImageObject","inLanguage":"pl-PL","@id":"https:\/\/prolancers.pl\/#\/schema\/logo\/image\/","url":"https:\/\/prolancers.pl\/wp-content\/uploads\/2025\/01\/Logo-V.png","contentUrl":"https:\/\/prolancers.pl\/wp-content\/uploads\/2025\/01\/Logo-V.png","width":800,"height":222,"caption":"ProLancers"},"image":{"@id":"https:\/\/prolancers.pl\/#\/schema\/logo\/image\/"}}]}},"_links":{"self":[{"href":"https:\/\/prolancers.pl\/index.php\/wp-json\/wp\/v2\/pages\/108","targetHints":{"allow":["GET"]}}],"collection":[{"href":"https:\/\/prolancers.pl\/index.php\/wp-json\/wp\/v2\/pages"}],"about":[{"href":"https:\/\/prolancers.pl\/index.php\/wp-json\/wp\/v2\/types\/page"}],"author":[{"embeddable":true,"href":"https:\/\/prolancers.pl\/index.php\/wp-json\/wp\/v2\/users\/1"}],"replies":[{"embeddable":true,"href":"https:\/\/prolancers.pl\/index.php\/wp-json\/wp\/v2\/comments?post=108"}],"version-history":[{"count":84,"href":"https:\/\/prolancers.pl\/index.php\/wp-json\/wp\/v2\/pages\/108\/revisions"}],"predecessor-version":[{"id":685,"href":"https:\/\/prolancers.pl\/index.php\/wp-json\/wp\/v2\/pages\/108\/revisions\/685"}],"wp:attachment":[{"href":"https:\/\/prolancers.pl\/index.php\/wp-json\/wp\/v2\/media?parent=108"}],"curies":[{"name":"wp","href":"https:\/\/api.w.org\/{rel}","templated":true}]}}